{"id":122176,"date":"2021-04-21T16:03:29","date_gmt":"2021-04-21T15:03:29","guid":{"rendered":"https:\/\/fournell.de\/product\/genie-z-34-22n-gelenkteleskop-arbeitsbuehne-cherry-picker\/"},"modified":"2024-11-06T03:04:52","modified_gmt":"2024-11-06T02:04:52","slug":"genie-z-34-22n-gelenkteleskop-arbeitsbuehne-cherry-picker","status":"publish","type":"product","link":"https:\/\/fournell.de\/en\/product\/genie-z-34-22n-gelenkteleskop-arbeitsbuehne-cherry-picker\/","title":{"rendered":"GENIE Z-34\/22N Gelenkteleskop-Arbeitsb\u00fchne (Cherry-Picker);"},"content":{"rendered":"<p>selbstfahrend; batteriebetrieben (48V); Arbeitsh\u00f6he bis 12,50m; Plattformh\u00f6he bis 10,50m; Durchfahrtsh\u00f6he 2,02m; Breite 1,47m; L\u00e4nge 5,72m; Tragf\u00e4higkeit 225kg; nichtmarkierende Vollgummireifen; Eigengewicht 5.175kg; darf nur von Personen mit g\u00fcltigem Schulungsnachweis (Bedienerschulung nach BGG 966) bedient werden; inkl. Versicherung<\/p>\n","protected":false},"excerpt":{"rendered":"<p>selbstfahrend; batteriebetrieben (48V); Arbeitsh\u00f6he bis 12,50m; Plattformh\u00f6he bis 10,50m; Durchfahrtsh\u00f6he 2,02m; Breite 1,47m; L\u00e4nge 5,72m; Tragf\u00e4higkeit 225kg; nichtmarkierende Vollgummireifen; Eigengewicht 5.175kg; darf nur von Personen mit g\u00fcltigem Schulungsnachweis (Bedienerschulung nach BGG 966) bedient werden; inkl. Versicherung<\/p>\n","protected":false},"featured_media":1401092,"template":"","meta":{"_acf_changed":false},"product_brand":[],"product_cat":[583],"product_tag":[976,978,977],"class_list":{"0":"post-122176","1":"product","2":"type-product","3":"status-publish","4":"has-post-thumbnail","6":"product_cat-montage-arbeitsbuehnen","7":"product_tag-gelenkteleskopbuehne","8":"product_tag-personenlift","9":"product_tag-z34","11":"first","12":"instock","13":"shipping-taxable","14":"purchasable","15":"product-type-simple"},"acf":[],"yoast_head":"<!-- This site is optimized with the Yoast SEO plugin v25.2 - https:\/\/yoast.com\/wordpress\/plugins\/seo\/ -->\n<title>GENIE Z-34\/22N Gelenkteleskop-Arbeitsb\u00fchne (Cherry-Picker); - fournell showtechnik<\/title>\n<meta name=\"robots\" content=\"index, follow, max-snippet:-1, max-image-preview:large, max-video-preview:-1\" \/>\n<link rel=\"canonical\" href=\"https:\/\/fournell.de\/en\/product\/genie-z-34-22n-gelenkteleskop-arbeitsbuehne-cherry-picker\/\" \/>\n<meta property=\"og:locale\" content=\"en_US\" \/>\n<meta property=\"og:type\" content=\"article\" \/>\n<meta property=\"og:title\" content=\"GENIE Z-34\/22N Gelenkteleskop-Arbeitsb\u00fchne (Cherry-Picker); - fournell showtechnik\" \/>\n<meta property=\"og:description\" content=\"selbstfahrend; batteriebetrieben (48V); Arbeitsh\u00f6he bis 12,50m; Plattformh\u00f6he bis 10,50m; Durchfahrtsh\u00f6he 2,02m; Breite 1,47m; L\u00e4nge 5,72m; Tragf\u00e4higkeit 225kg; nichtmarkierende Vollgummireifen; Eigengewicht 5.175kg; darf nur von Personen mit g\u00fcltigem Schulungsnachweis (Bedienerschulung nach BGG 966) bedient werden; inkl. Versicherung\" \/>\n<meta property=\"og:url\" content=\"https:\/\/fournell.de\/en\/product\/genie-z-34-22n-gelenkteleskop-arbeitsbuehne-cherry-picker\/\" \/>\n<meta property=\"og:site_name\" content=\"fournell showtechnik\" \/>\n<meta property=\"article:publisher\" content=\"https:\/\/de-de.facebook.com\/fournellshowtechnik\/\" \/>\n<meta property=\"article:modified_time\" content=\"2024-11-06T02:04:52+00:00\" \/>\n<meta property=\"og:image\" content=\"https:\/\/fournell.de\/wp-content\/uploads\/2021\/04\/genie-z-3422n_neu-99.jpg\" \/>\n\t<meta property=\"og:image:width\" content=\"1024\" \/>\n\t<meta property=\"og:image:height\" content=\"768\" \/>\n\t<meta property=\"og:image:type\" content=\"image\/jpeg\" \/>\n<meta name=\"twitter:card\" content=\"summary_large_image\" \/>\n<script type=\"application\/ld+json\" class=\"yoast-schema-graph\">{\"@context\":\"https:\/\/schema.org\",\"@graph\":[{\"@type\":\"WebPage\",\"@id\":\"https:\/\/fournell.de\/en\/product\/genie-z-34-22n-gelenkteleskop-arbeitsbuehne-cherry-picker\/\",\"url\":\"https:\/\/fournell.de\/en\/product\/genie-z-34-22n-gelenkteleskop-arbeitsbuehne-cherry-picker\/\",\"name\":\"GENIE Z-34\/22N Gelenkteleskop-Arbeitsb\u00fchne (Cherry-Picker); - fournell showtechnik\",\"isPartOf\":{\"@id\":\"https:\/\/fournell.de\/en\/#website\"},\"primaryImageOfPage\":{\"@id\":\"https:\/\/fournell.de\/en\/product\/genie-z-34-22n-gelenkteleskop-arbeitsbuehne-cherry-picker\/#primaryimage\"},\"image\":{\"@id\":\"https:\/\/fournell.de\/en\/product\/genie-z-34-22n-gelenkteleskop-arbeitsbuehne-cherry-picker\/#primaryimage\"},\"thumbnailUrl\":\"https:\/\/fournell.de\/wp-content\/uploads\/2021\/04\/genie-z-3422n_neu-101.jpg\",\"datePublished\":\"2021-04-21T15:03:29+00:00\",\"dateModified\":\"2024-11-06T02:04:52+00:00\",\"breadcrumb\":{\"@id\":\"https:\/\/fournell.de\/en\/product\/genie-z-34-22n-gelenkteleskop-arbeitsbuehne-cherry-picker\/#breadcrumb\"},\"inLanguage\":\"en-US\",\"potentialAction\":[{\"@type\":\"ReadAction\",\"target\":[\"https:\/\/fournell.de\/en\/product\/genie-z-34-22n-gelenkteleskop-arbeitsbuehne-cherry-picker\/\"]}]},{\"@type\":\"ImageObject\",\"inLanguage\":\"en-US\",\"@id\":\"https:\/\/fournell.de\/en\/product\/genie-z-34-22n-gelenkteleskop-arbeitsbuehne-cherry-picker\/#primaryimage\",\"url\":\"https:\/\/fournell.de\/wp-content\/uploads\/2021\/04\/genie-z-3422n_neu-101.jpg\",\"contentUrl\":\"https:\/\/fournell.de\/wp-content\/uploads\/2021\/04\/genie-z-3422n_neu-101.jpg\",\"width\":1024,\"height\":768},{\"@type\":\"BreadcrumbList\",\"@id\":\"https:\/\/fournell.de\/en\/product\/genie-z-34-22n-gelenkteleskop-arbeitsbuehne-cherry-picker\/#breadcrumb\",\"itemListElement\":[{\"@type\":\"ListItem\",\"position\":1,\"name\":\"Home\",\"item\":\"https:\/\/fournell.de\/en\/\"},{\"@type\":\"ListItem\",\"position\":2,\"name\":\"Shop\",\"item\":\"https:\/\/fournell.de\/en\/shop\/\"},{\"@type\":\"ListItem\",\"position\":3,\"name\":\"GENIE Z-34\/22N Gelenkteleskop-Arbeitsb\u00fchne (Cherry-Picker);\"}]},{\"@type\":\"WebSite\",\"@id\":\"https:\/\/fournell.de\/en\/#website\",\"url\":\"https:\/\/fournell.de\/en\/\",\"name\":\"fournell showtechnik\",\"description\":\"\",\"publisher\":{\"@id\":\"https:\/\/fournell.de\/en\/#organization\"},\"potentialAction\":[{\"@type\":\"SearchAction\",\"target\":{\"@type\":\"EntryPoint\",\"urlTemplate\":\"https:\/\/fournell.de\/en\/?s={search_term_string}\"},\"query-input\":{\"@type\":\"PropertyValueSpecification\",\"valueRequired\":true,\"valueName\":\"search_term_string\"}}],\"inLanguage\":\"en-US\"},{\"@type\":\"Organization\",\"@id\":\"https:\/\/fournell.de\/en\/#organization\",\"name\":\"fournell Showtechnik\",\"url\":\"https:\/\/fournell.de\/en\/\",\"logo\":{\"@type\":\"ImageObject\",\"inLanguage\":\"en-US\",\"@id\":\"https:\/\/fournell.de\/en\/#\/schema\/logo\/image\/\",\"url\":\"https:\/\/fournell.de\/wp-content\/uploads\/2021\/03\/bulb.png\",\"contentUrl\":\"https:\/\/fournell.de\/wp-content\/uploads\/2021\/03\/bulb.png\",\"width\":112,\"height\":103,\"caption\":\"fournell Showtechnik\"},\"image\":{\"@id\":\"https:\/\/fournell.de\/en\/#\/schema\/logo\/image\/\"},\"sameAs\":[\"https:\/\/de-de.facebook.com\/fournellshowtechnik\/\",\"https:\/\/www.instagram.com\/fournellshowtechnik\/?hl=de\",\"https:\/\/www.linkedin.com\/company\/fournell\/?originalSubdomain=de\"]}]}<\/script>\n<!-- \/ Yoast SEO plugin. -->","yoast_head_json":{"title":"GENIE Z-34\/22N Gelenkteleskop-Arbeitsb\u00fchne (Cherry-Picker); - fournell showtechnik","robots":{"index":"index","follow":"follow","max-snippet":"max-snippet:-1","max-image-preview":"max-image-preview:large","max-video-preview":"max-video-preview:-1"},"canonical":"https:\/\/fournell.de\/en\/product\/genie-z-34-22n-gelenkteleskop-arbeitsbuehne-cherry-picker\/","og_locale":"en_US","og_type":"article","og_title":"GENIE Z-34\/22N Gelenkteleskop-Arbeitsb\u00fchne (Cherry-Picker); - fournell showtechnik","og_description":"selbstfahrend; batteriebetrieben (48V); Arbeitsh\u00f6he bis 12,50m; Plattformh\u00f6he bis 10,50m; Durchfahrtsh\u00f6he 2,02m; Breite 1,47m; L\u00e4nge 5,72m; Tragf\u00e4higkeit 225kg; nichtmarkierende Vollgummireifen; Eigengewicht 5.175kg; darf nur von Personen mit g\u00fcltigem Schulungsnachweis (Bedienerschulung nach BGG 966) bedient werden; inkl. Versicherung","og_url":"https:\/\/fournell.de\/en\/product\/genie-z-34-22n-gelenkteleskop-arbeitsbuehne-cherry-picker\/","og_site_name":"fournell showtechnik","article_publisher":"https:\/\/de-de.facebook.com\/fournellshowtechnik\/","article_modified_time":"2024-11-06T02:04:52+00:00","og_image":[{"width":1024,"height":768,"url":"https:\/\/fournell.de\/wp-content\/uploads\/2021\/04\/genie-z-3422n_neu-99.jpg","type":"image\/jpeg"}],"twitter_card":"summary_large_image","schema":{"@context":"https:\/\/schema.org","@graph":[{"@type":"WebPage","@id":"https:\/\/fournell.de\/en\/product\/genie-z-34-22n-gelenkteleskop-arbeitsbuehne-cherry-picker\/","url":"https:\/\/fournell.de\/en\/product\/genie-z-34-22n-gelenkteleskop-arbeitsbuehne-cherry-picker\/","name":"GENIE Z-34\/22N Gelenkteleskop-Arbeitsb\u00fchne (Cherry-Picker); - fournell showtechnik","isPartOf":{"@id":"https:\/\/fournell.de\/en\/#website"},"primaryImageOfPage":{"@id":"https:\/\/fournell.de\/en\/product\/genie-z-34-22n-gelenkteleskop-arbeitsbuehne-cherry-picker\/#primaryimage"},"image":{"@id":"https:\/\/fournell.de\/en\/product\/genie-z-34-22n-gelenkteleskop-arbeitsbuehne-cherry-picker\/#primaryimage"},"thumbnailUrl":"https:\/\/fournell.de\/wp-content\/uploads\/2021\/04\/genie-z-3422n_neu-101.jpg","datePublished":"2021-04-21T15:03:29+00:00","dateModified":"2024-11-06T02:04:52+00:00","breadcrumb":{"@id":"https:\/\/fournell.de\/en\/product\/genie-z-34-22n-gelenkteleskop-arbeitsbuehne-cherry-picker\/#breadcrumb"},"inLanguage":"en-US","potentialAction":[{"@type":"ReadAction","target":["https:\/\/fournell.de\/en\/product\/genie-z-34-22n-gelenkteleskop-arbeitsbuehne-cherry-picker\/"]}]},{"@type":"ImageObject","inLanguage":"en-US","@id":"https:\/\/fournell.de\/en\/product\/genie-z-34-22n-gelenkteleskop-arbeitsbuehne-cherry-picker\/#primaryimage","url":"https:\/\/fournell.de\/wp-content\/uploads\/2021\/04\/genie-z-3422n_neu-101.jpg","contentUrl":"https:\/\/fournell.de\/wp-content\/uploads\/2021\/04\/genie-z-3422n_neu-101.jpg","width":1024,"height":768},{"@type":"BreadcrumbList","@id":"https:\/\/fournell.de\/en\/product\/genie-z-34-22n-gelenkteleskop-arbeitsbuehne-cherry-picker\/#breadcrumb","itemListElement":[{"@type":"ListItem","position":1,"name":"Home","item":"https:\/\/fournell.de\/en\/"},{"@type":"ListItem","position":2,"name":"Shop","item":"https:\/\/fournell.de\/en\/shop\/"},{"@type":"ListItem","position":3,"name":"GENIE Z-34\/22N Gelenkteleskop-Arbeitsb\u00fchne (Cherry-Picker);"}]},{"@type":"WebSite","@id":"https:\/\/fournell.de\/en\/#website","url":"https:\/\/fournell.de\/en\/","name":"fournell showtechnik","description":"","publisher":{"@id":"https:\/\/fournell.de\/en\/#organization"},"potentialAction":[{"@type":"SearchAction","target":{"@type":"EntryPoint","urlTemplate":"https:\/\/fournell.de\/en\/?s={search_term_string}"},"query-input":{"@type":"PropertyValueSpecification","valueRequired":true,"valueName":"search_term_string"}}],"inLanguage":"en-US"},{"@type":"Organization","@id":"https:\/\/fournell.de\/en\/#organization","name":"fournell Showtechnik","url":"https:\/\/fournell.de\/en\/","logo":{"@type":"ImageObject","inLanguage":"en-US","@id":"https:\/\/fournell.de\/en\/#\/schema\/logo\/image\/","url":"https:\/\/fournell.de\/wp-content\/uploads\/2021\/03\/bulb.png","contentUrl":"https:\/\/fournell.de\/wp-content\/uploads\/2021\/03\/bulb.png","width":112,"height":103,"caption":"fournell Showtechnik"},"image":{"@id":"https:\/\/fournell.de\/en\/#\/schema\/logo\/image\/"},"sameAs":["https:\/\/de-de.facebook.com\/fournellshowtechnik\/","https:\/\/www.instagram.com\/fournellshowtechnik\/?hl=de","https:\/\/www.linkedin.com\/company\/fournell\/?originalSubdomain=de"]}]}},"_links":{"self":[{"href":"https:\/\/fournell.de\/en\/wp-json\/wp\/v2\/product\/122176"}],"collection":[{"href":"https:\/\/fournell.de\/en\/wp-json\/wp\/v2\/product"}],"about":[{"href":"https:\/\/fournell.de\/en\/wp-json\/wp\/v2\/types\/product"}],"wp:featuredmedia":[{"embeddable":true,"href":"https:\/\/fournell.de\/en\/wp-json\/wp\/v2\/media\/1401092"}],"wp:attachment":[{"href":"https:\/\/fournell.de\/en\/wp-json\/wp\/v2\/media?parent=122176"}],"wp:term":[{"taxonomy":"product_brand","embeddable":true,"href":"https:\/\/fournell.de\/en\/wp-json\/wp\/v2\/product_brand?post=122176"},{"taxonomy":"product_cat","embeddable":true,"href":"https:\/\/fournell.de\/en\/wp-json\/wp\/v2\/product_cat?post=122176"},{"taxonomy":"product_tag","embeddable":true,"href":"https:\/\/fournell.de\/en\/wp-json\/wp\/v2\/product_tag?post=122176"}],"curies":[{"name":"wp","href":"https:\/\/api.w.org\/{rel}","templated":true}]}}