{"id":1401264,"date":"2025-01-24T14:44:17","date_gmt":"2025-01-24T13:44:17","guid":{"rendered":"https:\/\/fournell.de\/product\/decimator-design-12g-cross-4k-converter-bidirektional-12g-sdi-hdmi-2-0\/"},"modified":"2025-01-24T14:44:17","modified_gmt":"2025-01-24T13:44:17","slug":"decimator-design-12g-cross-4k-converter-bidirektional-12g-sdi-hdmi-2-0","status":"publish","type":"product","link":"https:\/\/fournell.de\/en\/product\/decimator-design-12g-cross-4k-converter-bidirektional-12g-sdi-hdmi-2-0\/","title":{"rendered":"DECIMATOR-DESIGN 12G-CROSS 4K Converter Bidirektional 12G-SDI <> HDMI 2.0;"},"content":{"rendered":"<p>erm\u00f6glicht die gleichzeitige Nutzung der HDMI- oder SDI-Ausg\u00e4nge, w\u00e4hrend des Bezugs vom HDMI- oder SDI-Eingang; 4K Scaling Engine mit horizontaler und\/oder vertikaler Drehung; LCD-Bildschirm; 4x (3G-\/HD-\/SD-)-SDI Ausg\u00e4nge, die als 1:4 Verteilverst\u00e4rker dienen; Audio Paare in den SDI- oder HDMI-Ausg\u00e4ngen k\u00f6nnen umorganisiert werden; Konvertierung von 294 VESA Formaten \u00fcber HDMI-Eingang; GEN-Lock; inkl. Netzteil<\/p>\n","protected":false},"excerpt":{"rendered":"<p>erm\u00f6glicht die gleichzeitige Nutzung der HDMI- oder SDI-Ausg\u00e4nge, w\u00e4hrend des Bezugs vom HDMI- oder SDI-Eingang; 4K Scaling Engine mit horizontaler und\/oder vertikaler Drehung; LCD-Bildschirm; 4x (3G-\/HD-\/SD-)-SDI Ausg\u00e4nge, die als 1:4 Verteilverst\u00e4rker dienen; Audio Paare in den SDI- oder HDMI-Ausg\u00e4ngen k\u00f6nnen umorganisiert werden; Konvertierung von 294 VESA Formaten \u00fcber HDMI-Eingang; GEN-Lock; inkl. Netzteil<\/p>\n","protected":false},"featured_media":1401265,"template":"","meta":{"_acf_changed":false},"product_brand":[],"product_cat":[486],"product_tag":[],"class_list":{"0":"post-1401264","1":"product","2":"type-product","3":"status-publish","4":"has-post-thumbnail","6":"product_cat-video-verteiler-interfaces-videotechnik","8":"first","9":"instock","10":"shipping-taxable","11":"purchasable","12":"product-type-simple"},"acf":[],"yoast_head":"<!-- This site is optimized with the Yoast SEO plugin v25.2 - https:\/\/yoast.com\/wordpress\/plugins\/seo\/ -->\n<title>DECIMATOR-DESIGN 12G-CROSS 4K Converter Bidirektional 12G-SDI  HDMI 2.0; - fournell showtechnik<\/title>\n<meta name=\"robots\" content=\"index, follow, max-snippet:-1, max-image-preview:large, max-video-preview:-1\" \/>\n<link rel=\"canonical\" href=\"https:\/\/fournell.de\/en\/product\/decimator-design-12g-cross-4k-converter-bidirektional-12g-sdi-hdmi-2-0\/\" \/>\n<meta property=\"og:locale\" content=\"en_US\" \/>\n<meta property=\"og:type\" content=\"article\" \/>\n<meta property=\"og:title\" content=\"DECIMATOR-DESIGN 12G-CROSS 4K Converter Bidirektional 12G-SDI  HDMI 2.0; - fournell showtechnik\" \/>\n<meta property=\"og:description\" content=\"erm\u00f6glicht die gleichzeitige Nutzung der HDMI- oder SDI-Ausg\u00e4nge, w\u00e4hrend des Bezugs vom HDMI- oder SDI-Eingang; 4K Scaling Engine mit horizontaler und\/oder vertikaler Drehung; LCD-Bildschirm; 4x (3G-\/HD-\/SD-)-SDI Ausg\u00e4nge, die als 1:4 Verteilverst\u00e4rker dienen; Audio Paare in den SDI- oder HDMI-Ausg\u00e4ngen k\u00f6nnen umorganisiert werden; Konvertierung von 294 VESA Formaten \u00fcber HDMI-Eingang; GEN-Lock; inkl. Netzteil\" \/>\n<meta property=\"og:url\" content=\"https:\/\/fournell.de\/en\/product\/decimator-design-12g-cross-4k-converter-bidirektional-12g-sdi-hdmi-2-0\/\" \/>\n<meta property=\"og:site_name\" content=\"fournell showtechnik\" \/>\n<meta property=\"article:publisher\" content=\"https:\/\/de-de.facebook.com\/fournellshowtechnik\/\" \/>\n<meta name=\"twitter:card\" content=\"summary_large_image\" \/>\n<script type=\"application\/ld+json\" class=\"yoast-schema-graph\">{\"@context\":\"https:\/\/schema.org\",\"@graph\":[{\"@type\":\"WebPage\",\"@id\":\"https:\/\/fournell.de\/en\/product\/decimator-design-12g-cross-4k-converter-bidirektional-12g-sdi-hdmi-2-0\/\",\"url\":\"https:\/\/fournell.de\/en\/product\/decimator-design-12g-cross-4k-converter-bidirektional-12g-sdi-hdmi-2-0\/\",\"name\":\"DECIMATOR-DESIGN 12G-CROSS 4K Converter Bidirektional 12G-SDI HDMI 2.0; - fournell showtechnik\",\"isPartOf\":{\"@id\":\"https:\/\/fournell.de\/en\/#website\"},\"primaryImageOfPage\":{\"@id\":\"https:\/\/fournell.de\/en\/product\/decimator-design-12g-cross-4k-converter-bidirektional-12g-sdi-hdmi-2-0\/#primaryimage\"},\"image\":{\"@id\":\"https:\/\/fournell.de\/en\/product\/decimator-design-12g-cross-4k-converter-bidirektional-12g-sdi-hdmi-2-0\/#primaryimage\"},\"thumbnailUrl\":\"https:\/\/fournell.de\/wp-content\/uploads\/2025\/01\/DECIMATOR-DESIGN_12G-CROSS.jpg.jpg\",\"datePublished\":\"2025-01-24T13:44:17+00:00\",\"breadcrumb\":{\"@id\":\"https:\/\/fournell.de\/en\/product\/decimator-design-12g-cross-4k-converter-bidirektional-12g-sdi-hdmi-2-0\/#breadcrumb\"},\"inLanguage\":\"en-US\",\"potentialAction\":[{\"@type\":\"ReadAction\",\"target\":[\"https:\/\/fournell.de\/en\/product\/decimator-design-12g-cross-4k-converter-bidirektional-12g-sdi-hdmi-2-0\/\"]}]},{\"@type\":\"ImageObject\",\"inLanguage\":\"en-US\",\"@id\":\"https:\/\/fournell.de\/en\/product\/decimator-design-12g-cross-4k-converter-bidirektional-12g-sdi-hdmi-2-0\/#primaryimage\",\"url\":\"https:\/\/fournell.de\/wp-content\/uploads\/2025\/01\/DECIMATOR-DESIGN_12G-CROSS.jpg.jpg\",\"contentUrl\":\"https:\/\/fournell.de\/wp-content\/uploads\/2025\/01\/DECIMATOR-DESIGN_12G-CROSS.jpg.jpg\",\"width\":1024,\"height\":768},{\"@type\":\"BreadcrumbList\",\"@id\":\"https:\/\/fournell.de\/en\/product\/decimator-design-12g-cross-4k-converter-bidirektional-12g-sdi-hdmi-2-0\/#breadcrumb\",\"itemListElement\":[{\"@type\":\"ListItem\",\"position\":1,\"name\":\"Home\",\"item\":\"https:\/\/fournell.de\/en\/\"},{\"@type\":\"ListItem\",\"position\":2,\"name\":\"Shop\",\"item\":\"https:\/\/fournell.de\/en\/shop\/\"},{\"@type\":\"ListItem\",\"position\":3,\"name\":\"DECIMATOR-DESIGN 12G-CROSS 4K Converter Bidirektional 12G-SDI HDMI 2.0;\"}]},{\"@type\":\"WebSite\",\"@id\":\"https:\/\/fournell.de\/en\/#website\",\"url\":\"https:\/\/fournell.de\/en\/\",\"name\":\"fournell showtechnik\",\"description\":\"\",\"publisher\":{\"@id\":\"https:\/\/fournell.de\/en\/#organization\"},\"potentialAction\":[{\"@type\":\"SearchAction\",\"target\":{\"@type\":\"EntryPoint\",\"urlTemplate\":\"https:\/\/fournell.de\/en\/?s={search_term_string}\"},\"query-input\":{\"@type\":\"PropertyValueSpecification\",\"valueRequired\":true,\"valueName\":\"search_term_string\"}}],\"inLanguage\":\"en-US\"},{\"@type\":\"Organization\",\"@id\":\"https:\/\/fournell.de\/en\/#organization\",\"name\":\"fournell Showtechnik\",\"url\":\"https:\/\/fournell.de\/en\/\",\"logo\":{\"@type\":\"ImageObject\",\"inLanguage\":\"en-US\",\"@id\":\"https:\/\/fournell.de\/en\/#\/schema\/logo\/image\/\",\"url\":\"https:\/\/fournell.de\/wp-content\/uploads\/2021\/03\/bulb.png\",\"contentUrl\":\"https:\/\/fournell.de\/wp-content\/uploads\/2021\/03\/bulb.png\",\"width\":112,\"height\":103,\"caption\":\"fournell Showtechnik\"},\"image\":{\"@id\":\"https:\/\/fournell.de\/en\/#\/schema\/logo\/image\/\"},\"sameAs\":[\"https:\/\/de-de.facebook.com\/fournellshowtechnik\/\",\"https:\/\/www.instagram.com\/fournellshowtechnik\/?hl=de\",\"https:\/\/www.linkedin.com\/company\/fournell\/?originalSubdomain=de\"]}]}<\/script>\n<!-- \/ Yoast SEO plugin. -->","yoast_head_json":{"title":"DECIMATOR-DESIGN 12G-CROSS 4K Converter Bidirektional 12G-SDI  HDMI 2.0; - fournell showtechnik","robots":{"index":"index","follow":"follow","max-snippet":"max-snippet:-1","max-image-preview":"max-image-preview:large","max-video-preview":"max-video-preview:-1"},"canonical":"https:\/\/fournell.de\/en\/product\/decimator-design-12g-cross-4k-converter-bidirektional-12g-sdi-hdmi-2-0\/","og_locale":"en_US","og_type":"article","og_title":"DECIMATOR-DESIGN 12G-CROSS 4K Converter Bidirektional 12G-SDI  HDMI 2.0; - fournell showtechnik","og_description":"erm\u00f6glicht die gleichzeitige Nutzung der HDMI- oder SDI-Ausg\u00e4nge, w\u00e4hrend des Bezugs vom HDMI- oder SDI-Eingang; 4K Scaling Engine mit horizontaler und\/oder vertikaler Drehung; LCD-Bildschirm; 4x (3G-\/HD-\/SD-)-SDI Ausg\u00e4nge, die als 1:4 Verteilverst\u00e4rker dienen; Audio Paare in den SDI- oder HDMI-Ausg\u00e4ngen k\u00f6nnen umorganisiert werden; Konvertierung von 294 VESA Formaten \u00fcber HDMI-Eingang; GEN-Lock; inkl. Netzteil","og_url":"https:\/\/fournell.de\/en\/product\/decimator-design-12g-cross-4k-converter-bidirektional-12g-sdi-hdmi-2-0\/","og_site_name":"fournell showtechnik","article_publisher":"https:\/\/de-de.facebook.com\/fournellshowtechnik\/","twitter_card":"summary_large_image","schema":{"@context":"https:\/\/schema.org","@graph":[{"@type":"WebPage","@id":"https:\/\/fournell.de\/en\/product\/decimator-design-12g-cross-4k-converter-bidirektional-12g-sdi-hdmi-2-0\/","url":"https:\/\/fournell.de\/en\/product\/decimator-design-12g-cross-4k-converter-bidirektional-12g-sdi-hdmi-2-0\/","name":"DECIMATOR-DESIGN 12G-CROSS 4K Converter Bidirektional 12G-SDI HDMI 2.0; - fournell showtechnik","isPartOf":{"@id":"https:\/\/fournell.de\/en\/#website"},"primaryImageOfPage":{"@id":"https:\/\/fournell.de\/en\/product\/decimator-design-12g-cross-4k-converter-bidirektional-12g-sdi-hdmi-2-0\/#primaryimage"},"image":{"@id":"https:\/\/fournell.de\/en\/product\/decimator-design-12g-cross-4k-converter-bidirektional-12g-sdi-hdmi-2-0\/#primaryimage"},"thumbnailUrl":"https:\/\/fournell.de\/wp-content\/uploads\/2025\/01\/DECIMATOR-DESIGN_12G-CROSS.jpg.jpg","datePublished":"2025-01-24T13:44:17+00:00","breadcrumb":{"@id":"https:\/\/fournell.de\/en\/product\/decimator-design-12g-cross-4k-converter-bidirektional-12g-sdi-hdmi-2-0\/#breadcrumb"},"inLanguage":"en-US","potentialAction":[{"@type":"ReadAction","target":["https:\/\/fournell.de\/en\/product\/decimator-design-12g-cross-4k-converter-bidirektional-12g-sdi-hdmi-2-0\/"]}]},{"@type":"ImageObject","inLanguage":"en-US","@id":"https:\/\/fournell.de\/en\/product\/decimator-design-12g-cross-4k-converter-bidirektional-12g-sdi-hdmi-2-0\/#primaryimage","url":"https:\/\/fournell.de\/wp-content\/uploads\/2025\/01\/DECIMATOR-DESIGN_12G-CROSS.jpg.jpg","contentUrl":"https:\/\/fournell.de\/wp-content\/uploads\/2025\/01\/DECIMATOR-DESIGN_12G-CROSS.jpg.jpg","width":1024,"height":768},{"@type":"BreadcrumbList","@id":"https:\/\/fournell.de\/en\/product\/decimator-design-12g-cross-4k-converter-bidirektional-12g-sdi-hdmi-2-0\/#breadcrumb","itemListElement":[{"@type":"ListItem","position":1,"name":"Home","item":"https:\/\/fournell.de\/en\/"},{"@type":"ListItem","position":2,"name":"Shop","item":"https:\/\/fournell.de\/en\/shop\/"},{"@type":"ListItem","position":3,"name":"DECIMATOR-DESIGN 12G-CROSS 4K Converter Bidirektional 12G-SDI HDMI 2.0;"}]},{"@type":"WebSite","@id":"https:\/\/fournell.de\/en\/#website","url":"https:\/\/fournell.de\/en\/","name":"fournell showtechnik","description":"","publisher":{"@id":"https:\/\/fournell.de\/en\/#organization"},"potentialAction":[{"@type":"SearchAction","target":{"@type":"EntryPoint","urlTemplate":"https:\/\/fournell.de\/en\/?s={search_term_string}"},"query-input":{"@type":"PropertyValueSpecification","valueRequired":true,"valueName":"search_term_string"}}],"inLanguage":"en-US"},{"@type":"Organization","@id":"https:\/\/fournell.de\/en\/#organization","name":"fournell Showtechnik","url":"https:\/\/fournell.de\/en\/","logo":{"@type":"ImageObject","inLanguage":"en-US","@id":"https:\/\/fournell.de\/en\/#\/schema\/logo\/image\/","url":"https:\/\/fournell.de\/wp-content\/uploads\/2021\/03\/bulb.png","contentUrl":"https:\/\/fournell.de\/wp-content\/uploads\/2021\/03\/bulb.png","width":112,"height":103,"caption":"fournell Showtechnik"},"image":{"@id":"https:\/\/fournell.de\/en\/#\/schema\/logo\/image\/"},"sameAs":["https:\/\/de-de.facebook.com\/fournellshowtechnik\/","https:\/\/www.instagram.com\/fournellshowtechnik\/?hl=de","https:\/\/www.linkedin.com\/company\/fournell\/?originalSubdomain=de"]}]}},"_links":{"self":[{"href":"https:\/\/fournell.de\/en\/wp-json\/wp\/v2\/product\/1401264"}],"collection":[{"href":"https:\/\/fournell.de\/en\/wp-json\/wp\/v2\/product"}],"about":[{"href":"https:\/\/fournell.de\/en\/wp-json\/wp\/v2\/types\/product"}],"wp:featuredmedia":[{"embeddable":true,"href":"https:\/\/fournell.de\/en\/wp-json\/wp\/v2\/media\/1401265"}],"wp:attachment":[{"href":"https:\/\/fournell.de\/en\/wp-json\/wp\/v2\/media?parent=1401264"}],"wp:term":[{"taxonomy":"product_brand","embeddable":true,"href":"https:\/\/fournell.de\/en\/wp-json\/wp\/v2\/product_brand?post=1401264"},{"taxonomy":"product_cat","embeddable":true,"href":"https:\/\/fournell.de\/en\/wp-json\/wp\/v2\/product_cat?post=1401264"},{"taxonomy":"product_tag","embeddable":true,"href":"https:\/\/fournell.de\/en\/wp-json\/wp\/v2\/product_tag?post=1401264"}],"curies":[{"name":"wp","href":"https:\/\/api.w.org\/{rel}","templated":true}]}}