{"id":1401453,"date":"2025-05-03T02:01:02","date_gmt":"2025-05-03T01:01:02","guid":{"rendered":"https:\/\/fournell.de\/product\/blackmagic-design-hyperdeck-studio-4k-pro-rekorder-dual-ssd-slot\/"},"modified":"2025-11-21T03:01:24","modified_gmt":"2025-11-21T02:01:24","slug":"blackmagic-design-hyperdeck-studio-4k-pro-rekorder-dual-ssd-slot","status":"publish","type":"product","link":"https:\/\/fournell.de\/en\/product\/blackmagic-design-hyperdeck-studio-4k-pro-rekorder-dual-ssd-slot\/","title":{"rendered":"BLACKMAGIC-DESIGN HyperDeck-Studio-4K\/Pro Rekorder (Dual-SSD\/-SD);"},"content":{"rendered":"<p>2,2&#8243; LC-Display; 2x SSD-Festplattenslot (2,5&#8243; SATA-II oder SATA-III) + 2x SD-Kartenslot (UHS-I und UHS-II); Steuerung \u00fcber 16-Tastenbedienfeld, Suchregler oder RS-422; USB-C Schnittstelle f\u00fcr Transferraten von bis zu 5 Gbit\/s; HDR-Unterst\u00fctzung; 1x 12G-SDI-Eingang; 1x 12G-SDI-Ausgang, auch F\u00fcll- und Key-Wiedergaben; 1x HDMI-Eingang; 1x HDMI-Ausgang; 1x 6,3mm Audio-Ausgang; integr. Mini-Lautsprecher; je 1x RS-422 Ein-\/Ausgang; 1x 3G-SDI-Ausgang (Monitor); je 1x Ein-\/Ausgang f\u00fcr Timecode, sowie Tri-Sync- und Black-Burst-Referenz; 1x 10G-Ethernet RJ45; unterst\u00fctzt Netzwerk-Aufnahme und -Wiedergabe; 1x USB-C 3.0 Gen2 (bis 10Gb\/s) f\u00fcr Aufzeichnung auf externe Laufwerke; unterst\u00fctzt 16 eingebettete Audiokan\u00e4le \u00fcber SDI und 8 Kan\u00e4le \u00fcber HDMI und alle SD- und HD-Formate bis 1080p\/60 und 4K\/30 DCI, sowie diverse ProRes- und H.264-\/H.265-Codecs; redundantes Netzteil; inkl. 2x SAMSUNG 1TB 870EVO Speicherplatte SATA-III-SSD (2.5&#8243;)<\/p>\n","protected":false},"excerpt":{"rendered":"<p>2,2&#8243; LC-Display; 2x SSD-Festplattenslot (2,5&#8243; SATA-II oder SATA-III) + 2x SD-Kartenslot (UHS-I und UHS-II); Steuerung \u00fcber 16-Tastenbedienfeld, Suchregler oder RS-422; USB-C Schnittstelle f\u00fcr Transferraten von bis zu 5 Gbit\/s; HDR-Unterst\u00fctzung; 1x 12G-SDI-Eingang; 1x 12G-SDI-Ausgang, auch F\u00fcll- und Key-Wiedergaben; 1x HDMI-Eingang; 1x HDMI-Ausgang; 1x 6,3mm Audio-Ausgang; integr. Mini-Lautsprecher; je 1x RS-422 Ein-\/Ausgang; 1x 3G-SDI-Ausgang (Monitor); je [&hellip;]<\/p>\n","protected":false},"featured_media":1401521,"template":"","meta":{"_acf_changed":false},"product_brand":[],"product_cat":[485],"product_tag":[],"class_list":{"0":"post-1401453","1":"product","2":"type-product","3":"status-publish","4":"has-post-thumbnail","6":"product_cat-video-zuspieler-videotechnik","8":"first","9":"instock","10":"shipping-taxable","11":"purchasable","12":"product-type-simple"},"acf":[],"yoast_head":"<!-- This site is optimized with the Yoast SEO plugin v25.2 - https:\/\/yoast.com\/wordpress\/plugins\/seo\/ -->\n<title>BLACKMAGIC-DESIGN HyperDeck-Studio-4K\/Pro Rekorder (Dual-SSD\/-SD); - fournell showtechnik<\/title>\n<meta name=\"robots\" content=\"index, follow, max-snippet:-1, max-image-preview:large, max-video-preview:-1\" \/>\n<link rel=\"canonical\" href=\"https:\/\/fournell.de\/en\/product\/blackmagic-design-hyperdeck-studio-4k-pro-rekorder-dual-ssd-slot\/\" \/>\n<meta property=\"og:locale\" content=\"en_US\" \/>\n<meta property=\"og:type\" content=\"article\" \/>\n<meta property=\"og:title\" content=\"BLACKMAGIC-DESIGN HyperDeck-Studio-4K\/Pro Rekorder (Dual-SSD\/-SD); - fournell showtechnik\" \/>\n<meta property=\"og:description\" content=\"2,2&#8243; LC-Display; 2x SSD-Festplattenslot (2,5&#8243; SATA-II oder SATA-III) + 2x SD-Kartenslot (UHS-I und UHS-II); Steuerung \u00fcber 16-Tastenbedienfeld, Suchregler oder RS-422; USB-C Schnittstelle f\u00fcr Transferraten von bis zu 5 Gbit\/s; HDR-Unterst\u00fctzung; 1x 12G-SDI-Eingang; 1x 12G-SDI-Ausgang, auch F\u00fcll- und Key-Wiedergaben; 1x HDMI-Eingang; 1x HDMI-Ausgang; 1x 6,3mm Audio-Ausgang; integr. Mini-Lautsprecher; je 1x RS-422 Ein-\/Ausgang; 1x 3G-SDI-Ausgang (Monitor); je [&hellip;]\" \/>\n<meta property=\"og:url\" content=\"https:\/\/fournell.de\/en\/product\/blackmagic-design-hyperdeck-studio-4k-pro-rekorder-dual-ssd-slot\/\" \/>\n<meta property=\"og:site_name\" content=\"fournell showtechnik\" \/>\n<meta property=\"article:publisher\" content=\"https:\/\/de-de.facebook.com\/fournellshowtechnik\/\" \/>\n<meta property=\"article:modified_time\" content=\"2025-11-21T02:01:24+00:00\" \/>\n<meta property=\"og:image\" content=\"https:\/\/fournell.de\/wp-content\/uploads\/2025\/05\/hyperdeck-studio-4k-pro.jpg\" \/>\n\t<meta property=\"og:image:width\" content=\"1024\" \/>\n\t<meta property=\"og:image:height\" content=\"768\" \/>\n\t<meta property=\"og:image:type\" content=\"image\/jpeg\" \/>\n<meta name=\"twitter:card\" content=\"summary_large_image\" \/>\n<meta name=\"twitter:label1\" content=\"Est. reading time\" \/>\n\t<meta name=\"twitter:data1\" content=\"1 minute\" \/>\n<script type=\"application\/ld+json\" class=\"yoast-schema-graph\">{\"@context\":\"https:\/\/schema.org\",\"@graph\":[{\"@type\":\"WebPage\",\"@id\":\"https:\/\/fournell.de\/en\/product\/blackmagic-design-hyperdeck-studio-4k-pro-rekorder-dual-ssd-slot\/\",\"url\":\"https:\/\/fournell.de\/en\/product\/blackmagic-design-hyperdeck-studio-4k-pro-rekorder-dual-ssd-slot\/\",\"name\":\"BLACKMAGIC-DESIGN HyperDeck-Studio-4K\/Pro Rekorder (Dual-SSD\/-SD); - fournell showtechnik\",\"isPartOf\":{\"@id\":\"https:\/\/fournell.de\/en\/#website\"},\"primaryImageOfPage\":{\"@id\":\"https:\/\/fournell.de\/en\/product\/blackmagic-design-hyperdeck-studio-4k-pro-rekorder-dual-ssd-slot\/#primaryimage\"},\"image\":{\"@id\":\"https:\/\/fournell.de\/en\/product\/blackmagic-design-hyperdeck-studio-4k-pro-rekorder-dual-ssd-slot\/#primaryimage\"},\"thumbnailUrl\":\"https:\/\/fournell.de\/wp-content\/uploads\/2025\/05\/hyperdeck-studio-4k-pro.jpg\",\"datePublished\":\"2025-05-03T01:01:02+00:00\",\"dateModified\":\"2025-11-21T02:01:24+00:00\",\"breadcrumb\":{\"@id\":\"https:\/\/fournell.de\/en\/product\/blackmagic-design-hyperdeck-studio-4k-pro-rekorder-dual-ssd-slot\/#breadcrumb\"},\"inLanguage\":\"en-US\",\"potentialAction\":[{\"@type\":\"ReadAction\",\"target\":[\"https:\/\/fournell.de\/en\/product\/blackmagic-design-hyperdeck-studio-4k-pro-rekorder-dual-ssd-slot\/\"]}]},{\"@type\":\"ImageObject\",\"inLanguage\":\"en-US\",\"@id\":\"https:\/\/fournell.de\/en\/product\/blackmagic-design-hyperdeck-studio-4k-pro-rekorder-dual-ssd-slot\/#primaryimage\",\"url\":\"https:\/\/fournell.de\/wp-content\/uploads\/2025\/05\/hyperdeck-studio-4k-pro.jpg\",\"contentUrl\":\"https:\/\/fournell.de\/wp-content\/uploads\/2025\/05\/hyperdeck-studio-4k-pro.jpg\",\"width\":1024,\"height\":768},{\"@type\":\"BreadcrumbList\",\"@id\":\"https:\/\/fournell.de\/en\/product\/blackmagic-design-hyperdeck-studio-4k-pro-rekorder-dual-ssd-slot\/#breadcrumb\",\"itemListElement\":[{\"@type\":\"ListItem\",\"position\":1,\"name\":\"Home\",\"item\":\"https:\/\/fournell.de\/en\/\"},{\"@type\":\"ListItem\",\"position\":2,\"name\":\"Shop\",\"item\":\"https:\/\/fournell.de\/en\/shop\/\"},{\"@type\":\"ListItem\",\"position\":3,\"name\":\"BLACKMAGIC-DESIGN HyperDeck-Studio-4K\/Pro Rekorder (Dual-SSD\/-SD);\"}]},{\"@type\":\"WebSite\",\"@id\":\"https:\/\/fournell.de\/en\/#website\",\"url\":\"https:\/\/fournell.de\/en\/\",\"name\":\"fournell showtechnik\",\"description\":\"\",\"publisher\":{\"@id\":\"https:\/\/fournell.de\/en\/#organization\"},\"potentialAction\":[{\"@type\":\"SearchAction\",\"target\":{\"@type\":\"EntryPoint\",\"urlTemplate\":\"https:\/\/fournell.de\/en\/?s={search_term_string}\"},\"query-input\":{\"@type\":\"PropertyValueSpecification\",\"valueRequired\":true,\"valueName\":\"search_term_string\"}}],\"inLanguage\":\"en-US\"},{\"@type\":\"Organization\",\"@id\":\"https:\/\/fournell.de\/en\/#organization\",\"name\":\"fournell Showtechnik\",\"url\":\"https:\/\/fournell.de\/en\/\",\"logo\":{\"@type\":\"ImageObject\",\"inLanguage\":\"en-US\",\"@id\":\"https:\/\/fournell.de\/en\/#\/schema\/logo\/image\/\",\"url\":\"https:\/\/fournell.de\/wp-content\/uploads\/2021\/03\/bulb.png\",\"contentUrl\":\"https:\/\/fournell.de\/wp-content\/uploads\/2021\/03\/bulb.png\",\"width\":112,\"height\":103,\"caption\":\"fournell Showtechnik\"},\"image\":{\"@id\":\"https:\/\/fournell.de\/en\/#\/schema\/logo\/image\/\"},\"sameAs\":[\"https:\/\/de-de.facebook.com\/fournellshowtechnik\/\",\"https:\/\/www.instagram.com\/fournellshowtechnik\/?hl=de\",\"https:\/\/www.linkedin.com\/company\/fournell\/?originalSubdomain=de\"]}]}<\/script>\n<!-- \/ Yoast SEO plugin. -->","yoast_head_json":{"title":"BLACKMAGIC-DESIGN HyperDeck-Studio-4K\/Pro Rekorder (Dual-SSD\/-SD); - fournell showtechnik","robots":{"index":"index","follow":"follow","max-snippet":"max-snippet:-1","max-image-preview":"max-image-preview:large","max-video-preview":"max-video-preview:-1"},"canonical":"https:\/\/fournell.de\/en\/product\/blackmagic-design-hyperdeck-studio-4k-pro-rekorder-dual-ssd-slot\/","og_locale":"en_US","og_type":"article","og_title":"BLACKMAGIC-DESIGN HyperDeck-Studio-4K\/Pro Rekorder (Dual-SSD\/-SD); - fournell showtechnik","og_description":"2,2&#8243; LC-Display; 2x SSD-Festplattenslot (2,5&#8243; SATA-II oder SATA-III) + 2x SD-Kartenslot (UHS-I und UHS-II); Steuerung \u00fcber 16-Tastenbedienfeld, Suchregler oder RS-422; USB-C Schnittstelle f\u00fcr Transferraten von bis zu 5 Gbit\/s; HDR-Unterst\u00fctzung; 1x 12G-SDI-Eingang; 1x 12G-SDI-Ausgang, auch F\u00fcll- und Key-Wiedergaben; 1x HDMI-Eingang; 1x HDMI-Ausgang; 1x 6,3mm Audio-Ausgang; integr. Mini-Lautsprecher; je 1x RS-422 Ein-\/Ausgang; 1x 3G-SDI-Ausgang (Monitor); je [&hellip;]","og_url":"https:\/\/fournell.de\/en\/product\/blackmagic-design-hyperdeck-studio-4k-pro-rekorder-dual-ssd-slot\/","og_site_name":"fournell showtechnik","article_publisher":"https:\/\/de-de.facebook.com\/fournellshowtechnik\/","article_modified_time":"2025-11-21T02:01:24+00:00","og_image":[{"width":1024,"height":768,"url":"https:\/\/fournell.de\/wp-content\/uploads\/2025\/05\/hyperdeck-studio-4k-pro.jpg","type":"image\/jpeg"}],"twitter_card":"summary_large_image","twitter_misc":{"Est. reading time":"1 minute"},"schema":{"@context":"https:\/\/schema.org","@graph":[{"@type":"WebPage","@id":"https:\/\/fournell.de\/en\/product\/blackmagic-design-hyperdeck-studio-4k-pro-rekorder-dual-ssd-slot\/","url":"https:\/\/fournell.de\/en\/product\/blackmagic-design-hyperdeck-studio-4k-pro-rekorder-dual-ssd-slot\/","name":"BLACKMAGIC-DESIGN HyperDeck-Studio-4K\/Pro Rekorder (Dual-SSD\/-SD); - fournell showtechnik","isPartOf":{"@id":"https:\/\/fournell.de\/en\/#website"},"primaryImageOfPage":{"@id":"https:\/\/fournell.de\/en\/product\/blackmagic-design-hyperdeck-studio-4k-pro-rekorder-dual-ssd-slot\/#primaryimage"},"image":{"@id":"https:\/\/fournell.de\/en\/product\/blackmagic-design-hyperdeck-studio-4k-pro-rekorder-dual-ssd-slot\/#primaryimage"},"thumbnailUrl":"https:\/\/fournell.de\/wp-content\/uploads\/2025\/05\/hyperdeck-studio-4k-pro.jpg","datePublished":"2025-05-03T01:01:02+00:00","dateModified":"2025-11-21T02:01:24+00:00","breadcrumb":{"@id":"https:\/\/fournell.de\/en\/product\/blackmagic-design-hyperdeck-studio-4k-pro-rekorder-dual-ssd-slot\/#breadcrumb"},"inLanguage":"en-US","potentialAction":[{"@type":"ReadAction","target":["https:\/\/fournell.de\/en\/product\/blackmagic-design-hyperdeck-studio-4k-pro-rekorder-dual-ssd-slot\/"]}]},{"@type":"ImageObject","inLanguage":"en-US","@id":"https:\/\/fournell.de\/en\/product\/blackmagic-design-hyperdeck-studio-4k-pro-rekorder-dual-ssd-slot\/#primaryimage","url":"https:\/\/fournell.de\/wp-content\/uploads\/2025\/05\/hyperdeck-studio-4k-pro.jpg","contentUrl":"https:\/\/fournell.de\/wp-content\/uploads\/2025\/05\/hyperdeck-studio-4k-pro.jpg","width":1024,"height":768},{"@type":"BreadcrumbList","@id":"https:\/\/fournell.de\/en\/product\/blackmagic-design-hyperdeck-studio-4k-pro-rekorder-dual-ssd-slot\/#breadcrumb","itemListElement":[{"@type":"ListItem","position":1,"name":"Home","item":"https:\/\/fournell.de\/en\/"},{"@type":"ListItem","position":2,"name":"Shop","item":"https:\/\/fournell.de\/en\/shop\/"},{"@type":"ListItem","position":3,"name":"BLACKMAGIC-DESIGN HyperDeck-Studio-4K\/Pro Rekorder (Dual-SSD\/-SD);"}]},{"@type":"WebSite","@id":"https:\/\/fournell.de\/en\/#website","url":"https:\/\/fournell.de\/en\/","name":"fournell showtechnik","description":"","publisher":{"@id":"https:\/\/fournell.de\/en\/#organization"},"potentialAction":[{"@type":"SearchAction","target":{"@type":"EntryPoint","urlTemplate":"https:\/\/fournell.de\/en\/?s={search_term_string}"},"query-input":{"@type":"PropertyValueSpecification","valueRequired":true,"valueName":"search_term_string"}}],"inLanguage":"en-US"},{"@type":"Organization","@id":"https:\/\/fournell.de\/en\/#organization","name":"fournell Showtechnik","url":"https:\/\/fournell.de\/en\/","logo":{"@type":"ImageObject","inLanguage":"en-US","@id":"https:\/\/fournell.de\/en\/#\/schema\/logo\/image\/","url":"https:\/\/fournell.de\/wp-content\/uploads\/2021\/03\/bulb.png","contentUrl":"https:\/\/fournell.de\/wp-content\/uploads\/2021\/03\/bulb.png","width":112,"height":103,"caption":"fournell Showtechnik"},"image":{"@id":"https:\/\/fournell.de\/en\/#\/schema\/logo\/image\/"},"sameAs":["https:\/\/de-de.facebook.com\/fournellshowtechnik\/","https:\/\/www.instagram.com\/fournellshowtechnik\/?hl=de","https:\/\/www.linkedin.com\/company\/fournell\/?originalSubdomain=de"]}]}},"_links":{"self":[{"href":"https:\/\/fournell.de\/en\/wp-json\/wp\/v2\/product\/1401453"}],"collection":[{"href":"https:\/\/fournell.de\/en\/wp-json\/wp\/v2\/product"}],"about":[{"href":"https:\/\/fournell.de\/en\/wp-json\/wp\/v2\/types\/product"}],"wp:featuredmedia":[{"embeddable":true,"href":"https:\/\/fournell.de\/en\/wp-json\/wp\/v2\/media\/1401521"}],"wp:attachment":[{"href":"https:\/\/fournell.de\/en\/wp-json\/wp\/v2\/media?parent=1401453"}],"wp:term":[{"taxonomy":"product_brand","embeddable":true,"href":"https:\/\/fournell.de\/en\/wp-json\/wp\/v2\/product_brand?post=1401453"},{"taxonomy":"product_cat","embeddable":true,"href":"https:\/\/fournell.de\/en\/wp-json\/wp\/v2\/product_cat?post=1401453"},{"taxonomy":"product_tag","embeddable":true,"href":"https:\/\/fournell.de\/en\/wp-json\/wp\/v2\/product_tag?post=1401453"}],"curies":[{"name":"wp","href":"https:\/\/api.w.org\/{rel}","templated":true}]}}