{"id":1401588,"date":"2025-07-02T02:00:37","date_gmt":"2025-07-02T01:00:37","guid":{"rendered":"https:\/\/fournell.de\/product\/panasonic-pt-rq35k-laser-dlp-4k-video-datenprojektor-32-000-lumen-center\/"},"modified":"2025-11-15T03:00:44","modified_gmt":"2025-11-15T02:00:44","slug":"panasonic-pt-rq35k-laser-dlp-4k-video-datenprojektor-32-000-lumen-center","status":"publish","type":"product","link":"https:\/\/fournell.de\/en\/product\/panasonic-pt-rq35k-laser-dlp-4k-video-datenprojektor-32-000-lumen-center\/","title":{"rendered":"PANASONIC PT-RQ35K Laser-DLP 4K Video-\/Datenprojektor 32.000 Lumen (Center);"},"content":{"rendered":"<p>0,96&#8243; 3-Chip DLP mit Laser-Lichtquelle; gro\u00dfes Farbspektrum; hoher Kontrast; kann in jeder beliebigen Anordnung (Hochkant, schr\u00e4g, nach unten) ohne Einschr\u00e4nkungen betrieben werden; 1.920&#215;1.200 Pixel (x3) bzw. 3.840&#215;2.400 Pixel (Quad Pixel Drive); 4K; HDR; Kontrast: 20.000:1; Format: 16:10; Eing\u00e4nge: HDMI, DisplayPort (ET-MDNDP10); 49dB; Lens-Shift (horizontal\/vertikal); integr. SoftEdge- und Geometric-Adjustment-Funktion; Smart Projector Control; LAN-Control; inkl. Flugrahmen (1seitige Kugelkopfaufnahme); ohne Kugelkopf und Optik<\/p>\n","protected":false},"excerpt":{"rendered":"<p>0,96&#8243; 3-Chip DLP mit Laser-Lichtquelle; gro\u00dfes Farbspektrum; hoher Kontrast; kann in jeder beliebigen Anordnung (Hochkant, schr\u00e4g, nach unten) ohne Einschr\u00e4nkungen betrieben werden; 1.920&#215;1.200 Pixel (x3) bzw. 3.840&#215;2.400 Pixel (Quad Pixel Drive); 4K; HDR; Kontrast: 20.000:1; Format: 16:10; Eing\u00e4nge: HDMI, DisplayPort (ET-MDNDP10); 49dB; Lens-Shift (horizontal\/vertikal); integr. SoftEdge- und Geometric-Adjustment-Funktion; Smart Projector Control; LAN-Control; inkl. Flugrahmen (1seitige [&hellip;]<\/p>\n","protected":false},"featured_media":1401652,"template":"","meta":{"_acf_changed":false},"product_brand":[],"product_cat":[478],"product_tag":[622,749,750,748],"class_list":{"0":"post-1401588","1":"product","2":"type-product","3":"status-publish","4":"has-post-thumbnail","6":"product_cat-video-projektion-videotechnik","7":"product_tag-4k","8":"product_tag-beamer","9":"product_tag-dlp","10":"product_tag-projektor","12":"first","13":"instock","14":"shipping-taxable","15":"purchasable","16":"product-type-simple"},"acf":[],"yoast_head":"<!-- This site is optimized with the Yoast SEO plugin v25.2 - https:\/\/yoast.com\/wordpress\/plugins\/seo\/ -->\n<title>PANASONIC PT-RQ35K Laser-DLP 4K Video-\/Datenprojektor 32.000 Lumen (Center); - fournell showtechnik<\/title>\n<meta name=\"robots\" content=\"index, follow, max-snippet:-1, max-image-preview:large, max-video-preview:-1\" \/>\n<link rel=\"canonical\" href=\"https:\/\/fournell.de\/en\/product\/panasonic-pt-rq35k-laser-dlp-4k-video-datenprojektor-32-000-lumen-center\/\" \/>\n<meta property=\"og:locale\" content=\"en_US\" \/>\n<meta property=\"og:type\" content=\"article\" \/>\n<meta property=\"og:title\" content=\"PANASONIC PT-RQ35K Laser-DLP 4K Video-\/Datenprojektor 32.000 Lumen (Center); - fournell showtechnik\" \/>\n<meta property=\"og:description\" content=\"0,96&#8243; 3-Chip DLP mit Laser-Lichtquelle; gro\u00dfes Farbspektrum; hoher Kontrast; kann in jeder beliebigen Anordnung (Hochkant, schr\u00e4g, nach unten) ohne Einschr\u00e4nkungen betrieben werden; 1.920&#215;1.200 Pixel (x3) bzw. 3.840&#215;2.400 Pixel (Quad Pixel Drive); 4K; HDR; Kontrast: 20.000:1; Format: 16:10; Eing\u00e4nge: HDMI, DisplayPort (ET-MDNDP10); 49dB; Lens-Shift (horizontal\/vertikal); integr. SoftEdge- und Geometric-Adjustment-Funktion; Smart Projector Control; LAN-Control; inkl. Flugrahmen (1seitige [&hellip;]\" \/>\n<meta property=\"og:url\" content=\"https:\/\/fournell.de\/en\/product\/panasonic-pt-rq35k-laser-dlp-4k-video-datenprojektor-32-000-lumen-center\/\" \/>\n<meta property=\"og:site_name\" content=\"fournell showtechnik\" \/>\n<meta property=\"article:publisher\" content=\"https:\/\/de-de.facebook.com\/fournellshowtechnik\/\" \/>\n<meta property=\"article:modified_time\" content=\"2025-11-15T02:00:44+00:00\" \/>\n<meta property=\"og:image\" content=\"https:\/\/fournell.de\/wp-content\/uploads\/2025\/07\/Panasonic-RQ35.jpg\" \/>\n\t<meta property=\"og:image:width\" content=\"1024\" \/>\n\t<meta property=\"og:image:height\" content=\"768\" \/>\n\t<meta property=\"og:image:type\" content=\"image\/jpeg\" \/>\n<meta name=\"twitter:card\" content=\"summary_large_image\" \/>\n<script type=\"application\/ld+json\" class=\"yoast-schema-graph\">{\"@context\":\"https:\/\/schema.org\",\"@graph\":[{\"@type\":\"WebPage\",\"@id\":\"https:\/\/fournell.de\/en\/product\/panasonic-pt-rq35k-laser-dlp-4k-video-datenprojektor-32-000-lumen-center\/\",\"url\":\"https:\/\/fournell.de\/en\/product\/panasonic-pt-rq35k-laser-dlp-4k-video-datenprojektor-32-000-lumen-center\/\",\"name\":\"PANASONIC PT-RQ35K Laser-DLP 4K Video-\/Datenprojektor 32.000 Lumen (Center); - fournell showtechnik\",\"isPartOf\":{\"@id\":\"https:\/\/fournell.de\/en\/#website\"},\"primaryImageOfPage\":{\"@id\":\"https:\/\/fournell.de\/en\/product\/panasonic-pt-rq35k-laser-dlp-4k-video-datenprojektor-32-000-lumen-center\/#primaryimage\"},\"image\":{\"@id\":\"https:\/\/fournell.de\/en\/product\/panasonic-pt-rq35k-laser-dlp-4k-video-datenprojektor-32-000-lumen-center\/#primaryimage\"},\"thumbnailUrl\":\"https:\/\/fournell.de\/wp-content\/uploads\/2025\/07\/Panasonic-RQ35.jpg\",\"datePublished\":\"2025-07-02T01:00:37+00:00\",\"dateModified\":\"2025-11-15T02:00:44+00:00\",\"breadcrumb\":{\"@id\":\"https:\/\/fournell.de\/en\/product\/panasonic-pt-rq35k-laser-dlp-4k-video-datenprojektor-32-000-lumen-center\/#breadcrumb\"},\"inLanguage\":\"en-US\",\"potentialAction\":[{\"@type\":\"ReadAction\",\"target\":[\"https:\/\/fournell.de\/en\/product\/panasonic-pt-rq35k-laser-dlp-4k-video-datenprojektor-32-000-lumen-center\/\"]}]},{\"@type\":\"ImageObject\",\"inLanguage\":\"en-US\",\"@id\":\"https:\/\/fournell.de\/en\/product\/panasonic-pt-rq35k-laser-dlp-4k-video-datenprojektor-32-000-lumen-center\/#primaryimage\",\"url\":\"https:\/\/fournell.de\/wp-content\/uploads\/2025\/07\/Panasonic-RQ35.jpg\",\"contentUrl\":\"https:\/\/fournell.de\/wp-content\/uploads\/2025\/07\/Panasonic-RQ35.jpg\",\"width\":1024,\"height\":768},{\"@type\":\"BreadcrumbList\",\"@id\":\"https:\/\/fournell.de\/en\/product\/panasonic-pt-rq35k-laser-dlp-4k-video-datenprojektor-32-000-lumen-center\/#breadcrumb\",\"itemListElement\":[{\"@type\":\"ListItem\",\"position\":1,\"name\":\"Home\",\"item\":\"https:\/\/fournell.de\/en\/\"},{\"@type\":\"ListItem\",\"position\":2,\"name\":\"Shop\",\"item\":\"https:\/\/fournell.de\/en\/shop\/\"},{\"@type\":\"ListItem\",\"position\":3,\"name\":\"PANASONIC PT-RQ35K Laser-DLP 4K Video-\/Datenprojektor 32.000 Lumen (Center);\"}]},{\"@type\":\"WebSite\",\"@id\":\"https:\/\/fournell.de\/en\/#website\",\"url\":\"https:\/\/fournell.de\/en\/\",\"name\":\"fournell showtechnik\",\"description\":\"\",\"publisher\":{\"@id\":\"https:\/\/fournell.de\/en\/#organization\"},\"potentialAction\":[{\"@type\":\"SearchAction\",\"target\":{\"@type\":\"EntryPoint\",\"urlTemplate\":\"https:\/\/fournell.de\/en\/?s={search_term_string}\"},\"query-input\":{\"@type\":\"PropertyValueSpecification\",\"valueRequired\":true,\"valueName\":\"search_term_string\"}}],\"inLanguage\":\"en-US\"},{\"@type\":\"Organization\",\"@id\":\"https:\/\/fournell.de\/en\/#organization\",\"name\":\"fournell Showtechnik\",\"url\":\"https:\/\/fournell.de\/en\/\",\"logo\":{\"@type\":\"ImageObject\",\"inLanguage\":\"en-US\",\"@id\":\"https:\/\/fournell.de\/en\/#\/schema\/logo\/image\/\",\"url\":\"https:\/\/fournell.de\/wp-content\/uploads\/2021\/03\/bulb.png\",\"contentUrl\":\"https:\/\/fournell.de\/wp-content\/uploads\/2021\/03\/bulb.png\",\"width\":112,\"height\":103,\"caption\":\"fournell Showtechnik\"},\"image\":{\"@id\":\"https:\/\/fournell.de\/en\/#\/schema\/logo\/image\/\"},\"sameAs\":[\"https:\/\/de-de.facebook.com\/fournellshowtechnik\/\",\"https:\/\/www.instagram.com\/fournellshowtechnik\/?hl=de\",\"https:\/\/www.linkedin.com\/company\/fournell\/?originalSubdomain=de\"]}]}<\/script>\n<!-- \/ Yoast SEO plugin. -->","yoast_head_json":{"title":"PANASONIC PT-RQ35K Laser-DLP 4K Video-\/Datenprojektor 32.000 Lumen (Center); - fournell showtechnik","robots":{"index":"index","follow":"follow","max-snippet":"max-snippet:-1","max-image-preview":"max-image-preview:large","max-video-preview":"max-video-preview:-1"},"canonical":"https:\/\/fournell.de\/en\/product\/panasonic-pt-rq35k-laser-dlp-4k-video-datenprojektor-32-000-lumen-center\/","og_locale":"en_US","og_type":"article","og_title":"PANASONIC PT-RQ35K Laser-DLP 4K Video-\/Datenprojektor 32.000 Lumen (Center); - fournell showtechnik","og_description":"0,96&#8243; 3-Chip DLP mit Laser-Lichtquelle; gro\u00dfes Farbspektrum; hoher Kontrast; kann in jeder beliebigen Anordnung (Hochkant, schr\u00e4g, nach unten) ohne Einschr\u00e4nkungen betrieben werden; 1.920&#215;1.200 Pixel (x3) bzw. 3.840&#215;2.400 Pixel (Quad Pixel Drive); 4K; HDR; Kontrast: 20.000:1; Format: 16:10; Eing\u00e4nge: HDMI, DisplayPort (ET-MDNDP10); 49dB; Lens-Shift (horizontal\/vertikal); integr. SoftEdge- und Geometric-Adjustment-Funktion; Smart Projector Control; LAN-Control; inkl. Flugrahmen (1seitige [&hellip;]","og_url":"https:\/\/fournell.de\/en\/product\/panasonic-pt-rq35k-laser-dlp-4k-video-datenprojektor-32-000-lumen-center\/","og_site_name":"fournell showtechnik","article_publisher":"https:\/\/de-de.facebook.com\/fournellshowtechnik\/","article_modified_time":"2025-11-15T02:00:44+00:00","og_image":[{"width":1024,"height":768,"url":"https:\/\/fournell.de\/wp-content\/uploads\/2025\/07\/Panasonic-RQ35.jpg","type":"image\/jpeg"}],"twitter_card":"summary_large_image","schema":{"@context":"https:\/\/schema.org","@graph":[{"@type":"WebPage","@id":"https:\/\/fournell.de\/en\/product\/panasonic-pt-rq35k-laser-dlp-4k-video-datenprojektor-32-000-lumen-center\/","url":"https:\/\/fournell.de\/en\/product\/panasonic-pt-rq35k-laser-dlp-4k-video-datenprojektor-32-000-lumen-center\/","name":"PANASONIC PT-RQ35K Laser-DLP 4K Video-\/Datenprojektor 32.000 Lumen (Center); - fournell showtechnik","isPartOf":{"@id":"https:\/\/fournell.de\/en\/#website"},"primaryImageOfPage":{"@id":"https:\/\/fournell.de\/en\/product\/panasonic-pt-rq35k-laser-dlp-4k-video-datenprojektor-32-000-lumen-center\/#primaryimage"},"image":{"@id":"https:\/\/fournell.de\/en\/product\/panasonic-pt-rq35k-laser-dlp-4k-video-datenprojektor-32-000-lumen-center\/#primaryimage"},"thumbnailUrl":"https:\/\/fournell.de\/wp-content\/uploads\/2025\/07\/Panasonic-RQ35.jpg","datePublished":"2025-07-02T01:00:37+00:00","dateModified":"2025-11-15T02:00:44+00:00","breadcrumb":{"@id":"https:\/\/fournell.de\/en\/product\/panasonic-pt-rq35k-laser-dlp-4k-video-datenprojektor-32-000-lumen-center\/#breadcrumb"},"inLanguage":"en-US","potentialAction":[{"@type":"ReadAction","target":["https:\/\/fournell.de\/en\/product\/panasonic-pt-rq35k-laser-dlp-4k-video-datenprojektor-32-000-lumen-center\/"]}]},{"@type":"ImageObject","inLanguage":"en-US","@id":"https:\/\/fournell.de\/en\/product\/panasonic-pt-rq35k-laser-dlp-4k-video-datenprojektor-32-000-lumen-center\/#primaryimage","url":"https:\/\/fournell.de\/wp-content\/uploads\/2025\/07\/Panasonic-RQ35.jpg","contentUrl":"https:\/\/fournell.de\/wp-content\/uploads\/2025\/07\/Panasonic-RQ35.jpg","width":1024,"height":768},{"@type":"BreadcrumbList","@id":"https:\/\/fournell.de\/en\/product\/panasonic-pt-rq35k-laser-dlp-4k-video-datenprojektor-32-000-lumen-center\/#breadcrumb","itemListElement":[{"@type":"ListItem","position":1,"name":"Home","item":"https:\/\/fournell.de\/en\/"},{"@type":"ListItem","position":2,"name":"Shop","item":"https:\/\/fournell.de\/en\/shop\/"},{"@type":"ListItem","position":3,"name":"PANASONIC PT-RQ35K Laser-DLP 4K Video-\/Datenprojektor 32.000 Lumen (Center);"}]},{"@type":"WebSite","@id":"https:\/\/fournell.de\/en\/#website","url":"https:\/\/fournell.de\/en\/","name":"fournell showtechnik","description":"","publisher":{"@id":"https:\/\/fournell.de\/en\/#organization"},"potentialAction":[{"@type":"SearchAction","target":{"@type":"EntryPoint","urlTemplate":"https:\/\/fournell.de\/en\/?s={search_term_string}"},"query-input":{"@type":"PropertyValueSpecification","valueRequired":true,"valueName":"search_term_string"}}],"inLanguage":"en-US"},{"@type":"Organization","@id":"https:\/\/fournell.de\/en\/#organization","name":"fournell Showtechnik","url":"https:\/\/fournell.de\/en\/","logo":{"@type":"ImageObject","inLanguage":"en-US","@id":"https:\/\/fournell.de\/en\/#\/schema\/logo\/image\/","url":"https:\/\/fournell.de\/wp-content\/uploads\/2021\/03\/bulb.png","contentUrl":"https:\/\/fournell.de\/wp-content\/uploads\/2021\/03\/bulb.png","width":112,"height":103,"caption":"fournell Showtechnik"},"image":{"@id":"https:\/\/fournell.de\/en\/#\/schema\/logo\/image\/"},"sameAs":["https:\/\/de-de.facebook.com\/fournellshowtechnik\/","https:\/\/www.instagram.com\/fournellshowtechnik\/?hl=de","https:\/\/www.linkedin.com\/company\/fournell\/?originalSubdomain=de"]}]}},"_links":{"self":[{"href":"https:\/\/fournell.de\/en\/wp-json\/wp\/v2\/product\/1401588"}],"collection":[{"href":"https:\/\/fournell.de\/en\/wp-json\/wp\/v2\/product"}],"about":[{"href":"https:\/\/fournell.de\/en\/wp-json\/wp\/v2\/types\/product"}],"wp:featuredmedia":[{"embeddable":true,"href":"https:\/\/fournell.de\/en\/wp-json\/wp\/v2\/media\/1401652"}],"wp:attachment":[{"href":"https:\/\/fournell.de\/en\/wp-json\/wp\/v2\/media?parent=1401588"}],"wp:term":[{"taxonomy":"product_brand","embeddable":true,"href":"https:\/\/fournell.de\/en\/wp-json\/wp\/v2\/product_brand?post=1401588"},{"taxonomy":"product_cat","embeddable":true,"href":"https:\/\/fournell.de\/en\/wp-json\/wp\/v2\/product_cat?post=1401588"},{"taxonomy":"product_tag","embeddable":true,"href":"https:\/\/fournell.de\/en\/wp-json\/wp\/v2\/product_tag?post=1401588"}],"curies":[{"name":"wp","href":"https:\/\/api.w.org\/{rel}","templated":true}]}}