{"id":1401864,"date":"2026-01-23T02:57:27","date_gmt":"2026-01-23T01:57:27","guid":{"rendered":"https:\/\/fournell.de\/product\/panasonic-aw-rp200gj-kamera-steuerung-remote-unit\/"},"modified":"2026-03-12T03:00:42","modified_gmt":"2026-03-12T02:00:42","slug":"panasonic-aw-rp200gj-kamera-steuerung-remote-unit","status":"publish","type":"product","link":"https:\/\/fournell.de\/en\/product\/panasonic-aw-rp200gj-kamera-steuerung-remote-unit\/","title":{"rendered":"PANASONIC AW-RP200GJ Kamera-Steuerung (Remote-Unit);"},"content":{"rendered":"<p>hochprofessionelle Next-Generation Steuerungseinheit; IP-Steuerung (bis zu 200 Kameras); serielle Steuerung (3 Kameras); Dual-Joystick-Design; pr\u00e4ziser Haupt-Joystick; 7&#8243; Touch GUI-Display; 20 Multifunktions-Tasten f\u00fcr Kameraauswahl, Preset-Abruf und Makro-Ausf\u00fchrung; Tally-Anzeige; Makrofunktion f\u00fcr komplexe Multi-Kamera-Abl\u00e4ufe; Preset Memory: 100 per Kamera; 3G-SDI IN\/OUT; 2x GPIO D-Sub 25-pin; NDI und SRT Unterst\u00fctzung; zus\u00e4tzliche, webbasierte Benutzeroberfl\u00e4che<\/p>\n","protected":false},"excerpt":{"rendered":"<p>hochprofessionelle Next-Generation Steuerungseinheit; IP-Steuerung (bis zu 200 Kameras); serielle Steuerung (3 Kameras); Dual-Joystick-Design; pr\u00e4ziser Haupt-Joystick; 7&#8243; Touch GUI-Display; 20 Multifunktions-Tasten f\u00fcr Kameraauswahl, Preset-Abruf und Makro-Ausf\u00fchrung; Tally-Anzeige; Makrofunktion f\u00fcr komplexe Multi-Kamera-Abl\u00e4ufe; Preset Memory: 100 per Kamera; 3G-SDI IN\/OUT; 2x GPIO D-Sub 25-pin; NDI und SRT Unterst\u00fctzung; zus\u00e4tzliche, webbasierte Benutzeroberfl\u00e4che<\/p>\n","protected":false},"featured_media":1401867,"template":"","meta":{"_acf_changed":false},"product_brand":[],"product_cat":[475],"product_tag":[761,690,603,1079,1080],"class_list":{"0":"post-1401864","1":"product","2":"type-product","3":"status-publish","4":"has-post-thumbnail","6":"product_cat-video-kamera-zubehoer","7":"product_tag-awrp","8":"product_tag-camera","9":"product_tag-controller","10":"product_tag-domecam","11":"product_tag-remote-head","13":"first","14":"instock","15":"shipping-taxable","16":"purchasable","17":"product-type-simple"},"acf":[],"yoast_head":"<!-- This site is optimized with the Yoast SEO plugin v25.2 - https:\/\/yoast.com\/wordpress\/plugins\/seo\/ -->\n<title>PANASONIC AW-RP200GJ Kamera-Steuerung (Remote-Unit); - fournell showtechnik<\/title>\n<meta name=\"robots\" content=\"index, follow, max-snippet:-1, max-image-preview:large, max-video-preview:-1\" \/>\n<link rel=\"canonical\" href=\"https:\/\/fournell.de\/en\/product\/panasonic-aw-rp200gj-kamera-steuerung-remote-unit\/\" \/>\n<meta property=\"og:locale\" content=\"en_US\" \/>\n<meta property=\"og:type\" content=\"article\" \/>\n<meta property=\"og:title\" content=\"PANASONIC AW-RP200GJ Kamera-Steuerung (Remote-Unit); - fournell showtechnik\" \/>\n<meta property=\"og:description\" content=\"hochprofessionelle Next-Generation Steuerungseinheit; IP-Steuerung (bis zu 200 Kameras); serielle Steuerung (3 Kameras); Dual-Joystick-Design; pr\u00e4ziser Haupt-Joystick; 7&#8243; Touch GUI-Display; 20 Multifunktions-Tasten f\u00fcr Kameraauswahl, Preset-Abruf und Makro-Ausf\u00fchrung; Tally-Anzeige; Makrofunktion f\u00fcr komplexe Multi-Kamera-Abl\u00e4ufe; Preset Memory: 100 per Kamera; 3G-SDI IN\/OUT; 2x GPIO D-Sub 25-pin; NDI und SRT Unterst\u00fctzung; zus\u00e4tzliche, webbasierte Benutzeroberfl\u00e4che\" \/>\n<meta property=\"og:url\" content=\"https:\/\/fournell.de\/en\/product\/panasonic-aw-rp200gj-kamera-steuerung-remote-unit\/\" \/>\n<meta property=\"og:site_name\" content=\"fournell showtechnik\" \/>\n<meta property=\"article:publisher\" content=\"https:\/\/de-de.facebook.com\/fournellshowtechnik\/\" \/>\n<meta property=\"article:modified_time\" content=\"2026-03-12T02:00:42+00:00\" \/>\n<meta property=\"og:image\" content=\"https:\/\/fournell.de\/wp-content\/uploads\/2026\/01\/AW-RP200GJ.jpg\" \/>\n\t<meta property=\"og:image:width\" content=\"1024\" \/>\n\t<meta property=\"og:image:height\" content=\"768\" \/>\n\t<meta property=\"og:image:type\" content=\"image\/jpeg\" \/>\n<meta name=\"twitter:card\" content=\"summary_large_image\" \/>\n<script type=\"application\/ld+json\" class=\"yoast-schema-graph\">{\"@context\":\"https:\/\/schema.org\",\"@graph\":[{\"@type\":\"WebPage\",\"@id\":\"https:\/\/fournell.de\/en\/product\/panasonic-aw-rp200gj-kamera-steuerung-remote-unit\/\",\"url\":\"https:\/\/fournell.de\/en\/product\/panasonic-aw-rp200gj-kamera-steuerung-remote-unit\/\",\"name\":\"PANASONIC AW-RP200GJ Kamera-Steuerung (Remote-Unit); - fournell showtechnik\",\"isPartOf\":{\"@id\":\"https:\/\/fournell.de\/en\/#website\"},\"primaryImageOfPage\":{\"@id\":\"https:\/\/fournell.de\/en\/product\/panasonic-aw-rp200gj-kamera-steuerung-remote-unit\/#primaryimage\"},\"image\":{\"@id\":\"https:\/\/fournell.de\/en\/product\/panasonic-aw-rp200gj-kamera-steuerung-remote-unit\/#primaryimage\"},\"thumbnailUrl\":\"https:\/\/fournell.de\/wp-content\/uploads\/2026\/01\/AW-RP200GJ.jpg\",\"datePublished\":\"2026-01-23T01:57:27+00:00\",\"dateModified\":\"2026-03-12T02:00:42+00:00\",\"breadcrumb\":{\"@id\":\"https:\/\/fournell.de\/en\/product\/panasonic-aw-rp200gj-kamera-steuerung-remote-unit\/#breadcrumb\"},\"inLanguage\":\"en-US\",\"potentialAction\":[{\"@type\":\"ReadAction\",\"target\":[\"https:\/\/fournell.de\/en\/product\/panasonic-aw-rp200gj-kamera-steuerung-remote-unit\/\"]}]},{\"@type\":\"ImageObject\",\"inLanguage\":\"en-US\",\"@id\":\"https:\/\/fournell.de\/en\/product\/panasonic-aw-rp200gj-kamera-steuerung-remote-unit\/#primaryimage\",\"url\":\"https:\/\/fournell.de\/wp-content\/uploads\/2026\/01\/AW-RP200GJ.jpg\",\"contentUrl\":\"https:\/\/fournell.de\/wp-content\/uploads\/2026\/01\/AW-RP200GJ.jpg\",\"width\":1024,\"height\":768},{\"@type\":\"BreadcrumbList\",\"@id\":\"https:\/\/fournell.de\/en\/product\/panasonic-aw-rp200gj-kamera-steuerung-remote-unit\/#breadcrumb\",\"itemListElement\":[{\"@type\":\"ListItem\",\"position\":1,\"name\":\"Home\",\"item\":\"https:\/\/fournell.de\/en\/\"},{\"@type\":\"ListItem\",\"position\":2,\"name\":\"Shop\",\"item\":\"https:\/\/fournell.de\/en\/shop\/\"},{\"@type\":\"ListItem\",\"position\":3,\"name\":\"PANASONIC AW-RP200GJ Kamera-Steuerung (Remote-Unit);\"}]},{\"@type\":\"WebSite\",\"@id\":\"https:\/\/fournell.de\/en\/#website\",\"url\":\"https:\/\/fournell.de\/en\/\",\"name\":\"fournell showtechnik\",\"description\":\"\",\"publisher\":{\"@id\":\"https:\/\/fournell.de\/en\/#organization\"},\"potentialAction\":[{\"@type\":\"SearchAction\",\"target\":{\"@type\":\"EntryPoint\",\"urlTemplate\":\"https:\/\/fournell.de\/en\/?s={search_term_string}\"},\"query-input\":{\"@type\":\"PropertyValueSpecification\",\"valueRequired\":true,\"valueName\":\"search_term_string\"}}],\"inLanguage\":\"en-US\"},{\"@type\":\"Organization\",\"@id\":\"https:\/\/fournell.de\/en\/#organization\",\"name\":\"fournell Showtechnik\",\"url\":\"https:\/\/fournell.de\/en\/\",\"logo\":{\"@type\":\"ImageObject\",\"inLanguage\":\"en-US\",\"@id\":\"https:\/\/fournell.de\/en\/#\/schema\/logo\/image\/\",\"url\":\"https:\/\/fournell.de\/wp-content\/uploads\/2021\/03\/bulb.png\",\"contentUrl\":\"https:\/\/fournell.de\/wp-content\/uploads\/2021\/03\/bulb.png\",\"width\":112,\"height\":103,\"caption\":\"fournell Showtechnik\"},\"image\":{\"@id\":\"https:\/\/fournell.de\/en\/#\/schema\/logo\/image\/\"},\"sameAs\":[\"https:\/\/de-de.facebook.com\/fournellshowtechnik\/\",\"https:\/\/www.instagram.com\/fournellshowtechnik\/?hl=de\",\"https:\/\/www.linkedin.com\/company\/fournell\/?originalSubdomain=de\"]}]}<\/script>\n<!-- \/ Yoast SEO plugin. -->","yoast_head_json":{"title":"PANASONIC AW-RP200GJ Kamera-Steuerung (Remote-Unit); - fournell showtechnik","robots":{"index":"index","follow":"follow","max-snippet":"max-snippet:-1","max-image-preview":"max-image-preview:large","max-video-preview":"max-video-preview:-1"},"canonical":"https:\/\/fournell.de\/en\/product\/panasonic-aw-rp200gj-kamera-steuerung-remote-unit\/","og_locale":"en_US","og_type":"article","og_title":"PANASONIC AW-RP200GJ Kamera-Steuerung (Remote-Unit); - fournell showtechnik","og_description":"hochprofessionelle Next-Generation Steuerungseinheit; IP-Steuerung (bis zu 200 Kameras); serielle Steuerung (3 Kameras); Dual-Joystick-Design; pr\u00e4ziser Haupt-Joystick; 7&#8243; Touch GUI-Display; 20 Multifunktions-Tasten f\u00fcr Kameraauswahl, Preset-Abruf und Makro-Ausf\u00fchrung; Tally-Anzeige; Makrofunktion f\u00fcr komplexe Multi-Kamera-Abl\u00e4ufe; Preset Memory: 100 per Kamera; 3G-SDI IN\/OUT; 2x GPIO D-Sub 25-pin; NDI und SRT Unterst\u00fctzung; zus\u00e4tzliche, webbasierte Benutzeroberfl\u00e4che","og_url":"https:\/\/fournell.de\/en\/product\/panasonic-aw-rp200gj-kamera-steuerung-remote-unit\/","og_site_name":"fournell showtechnik","article_publisher":"https:\/\/de-de.facebook.com\/fournellshowtechnik\/","article_modified_time":"2026-03-12T02:00:42+00:00","og_image":[{"width":1024,"height":768,"url":"https:\/\/fournell.de\/wp-content\/uploads\/2026\/01\/AW-RP200GJ.jpg","type":"image\/jpeg"}],"twitter_card":"summary_large_image","schema":{"@context":"https:\/\/schema.org","@graph":[{"@type":"WebPage","@id":"https:\/\/fournell.de\/en\/product\/panasonic-aw-rp200gj-kamera-steuerung-remote-unit\/","url":"https:\/\/fournell.de\/en\/product\/panasonic-aw-rp200gj-kamera-steuerung-remote-unit\/","name":"PANASONIC AW-RP200GJ Kamera-Steuerung (Remote-Unit); - fournell showtechnik","isPartOf":{"@id":"https:\/\/fournell.de\/en\/#website"},"primaryImageOfPage":{"@id":"https:\/\/fournell.de\/en\/product\/panasonic-aw-rp200gj-kamera-steuerung-remote-unit\/#primaryimage"},"image":{"@id":"https:\/\/fournell.de\/en\/product\/panasonic-aw-rp200gj-kamera-steuerung-remote-unit\/#primaryimage"},"thumbnailUrl":"https:\/\/fournell.de\/wp-content\/uploads\/2026\/01\/AW-RP200GJ.jpg","datePublished":"2026-01-23T01:57:27+00:00","dateModified":"2026-03-12T02:00:42+00:00","breadcrumb":{"@id":"https:\/\/fournell.de\/en\/product\/panasonic-aw-rp200gj-kamera-steuerung-remote-unit\/#breadcrumb"},"inLanguage":"en-US","potentialAction":[{"@type":"ReadAction","target":["https:\/\/fournell.de\/en\/product\/panasonic-aw-rp200gj-kamera-steuerung-remote-unit\/"]}]},{"@type":"ImageObject","inLanguage":"en-US","@id":"https:\/\/fournell.de\/en\/product\/panasonic-aw-rp200gj-kamera-steuerung-remote-unit\/#primaryimage","url":"https:\/\/fournell.de\/wp-content\/uploads\/2026\/01\/AW-RP200GJ.jpg","contentUrl":"https:\/\/fournell.de\/wp-content\/uploads\/2026\/01\/AW-RP200GJ.jpg","width":1024,"height":768},{"@type":"BreadcrumbList","@id":"https:\/\/fournell.de\/en\/product\/panasonic-aw-rp200gj-kamera-steuerung-remote-unit\/#breadcrumb","itemListElement":[{"@type":"ListItem","position":1,"name":"Home","item":"https:\/\/fournell.de\/en\/"},{"@type":"ListItem","position":2,"name":"Shop","item":"https:\/\/fournell.de\/en\/shop\/"},{"@type":"ListItem","position":3,"name":"PANASONIC AW-RP200GJ Kamera-Steuerung (Remote-Unit);"}]},{"@type":"WebSite","@id":"https:\/\/fournell.de\/en\/#website","url":"https:\/\/fournell.de\/en\/","name":"fournell showtechnik","description":"","publisher":{"@id":"https:\/\/fournell.de\/en\/#organization"},"potentialAction":[{"@type":"SearchAction","target":{"@type":"EntryPoint","urlTemplate":"https:\/\/fournell.de\/en\/?s={search_term_string}"},"query-input":{"@type":"PropertyValueSpecification","valueRequired":true,"valueName":"search_term_string"}}],"inLanguage":"en-US"},{"@type":"Organization","@id":"https:\/\/fournell.de\/en\/#organization","name":"fournell Showtechnik","url":"https:\/\/fournell.de\/en\/","logo":{"@type":"ImageObject","inLanguage":"en-US","@id":"https:\/\/fournell.de\/en\/#\/schema\/logo\/image\/","url":"https:\/\/fournell.de\/wp-content\/uploads\/2021\/03\/bulb.png","contentUrl":"https:\/\/fournell.de\/wp-content\/uploads\/2021\/03\/bulb.png","width":112,"height":103,"caption":"fournell Showtechnik"},"image":{"@id":"https:\/\/fournell.de\/en\/#\/schema\/logo\/image\/"},"sameAs":["https:\/\/de-de.facebook.com\/fournellshowtechnik\/","https:\/\/www.instagram.com\/fournellshowtechnik\/?hl=de","https:\/\/www.linkedin.com\/company\/fournell\/?originalSubdomain=de"]}]}},"_links":{"self":[{"href":"https:\/\/fournell.de\/en\/wp-json\/wp\/v2\/product\/1401864"}],"collection":[{"href":"https:\/\/fournell.de\/en\/wp-json\/wp\/v2\/product"}],"about":[{"href":"https:\/\/fournell.de\/en\/wp-json\/wp\/v2\/types\/product"}],"wp:featuredmedia":[{"embeddable":true,"href":"https:\/\/fournell.de\/en\/wp-json\/wp\/v2\/media\/1401867"}],"wp:attachment":[{"href":"https:\/\/fournell.de\/en\/wp-json\/wp\/v2\/media?parent=1401864"}],"wp:term":[{"taxonomy":"product_brand","embeddable":true,"href":"https:\/\/fournell.de\/en\/wp-json\/wp\/v2\/product_brand?post=1401864"},{"taxonomy":"product_cat","embeddable":true,"href":"https:\/\/fournell.de\/en\/wp-json\/wp\/v2\/product_cat?post=1401864"},{"taxonomy":"product_tag","embeddable":true,"href":"https:\/\/fournell.de\/en\/wp-json\/wp\/v2\/product_tag?post=1401864"}],"curies":[{"name":"wp","href":"https:\/\/api.w.org\/{rel}","templated":true}]}}