{"id":207767,"date":"2021-07-23T14:40:07","date_gmt":"2021-07-23T13:40:07","guid":{"rendered":"https:\/\/fournell.de\/product\/audipack-fs-qr120e-design-flachbildschirmstaender-fuer-grossbild-screen-bis-98\/"},"modified":"2024-11-06T02:13:20","modified_gmt":"2024-11-06T01:13:20","slug":"audipack-fs-qr120e-design-flachbildschirmstaender-fuer-grossbild-screen-bis-98","status":"publish","type":"product","link":"https:\/\/fournell.de\/en\/product\/audipack-fs-qr120e-design-flachbildschirmstaender-fuer-grossbild-screen-bis-98\/","title":{"rendered":"AUDIPACK FS-QR120E Design-Flachbildschirmst\u00e4nder f\u00fcr Gro\u00dfbild-Screen bis 98&#8243;;"},"content":{"rendered":"<p>Dynamic Screen-Lifter; 5Punkt Lock&#038;Secure Aufnahme; elektrische, variable H\u00f6henverstellung der Aufnahme; Aluminium; silberne Standrohre mit intergrierter Kabelf\u00fchrung; schwarzer Standfu\u00df; inkl. schwarzem Unterbau (115x60x19,5cm) f\u00fcr Verkabelung\/Zuspieler; Pr\u00e4sentationsh\u00f6he (Center Screen) 1,80m; Tragkraft 120kg (Indoor)<\/p>\n","protected":false},"excerpt":{"rendered":"<p>Dynamic Screen-Lifter; 5Punkt Lock&#038;Secure Aufnahme; elektrische, variable H\u00f6henverstellung der Aufnahme; Aluminium; silberne Standrohre mit intergrierter Kabelf\u00fchrung; schwarzer Standfu\u00df; inkl. schwarzem Unterbau (115x60x19,5cm) f\u00fcr Verkabelung\/Zuspieler; Pr\u00e4sentationsh\u00f6he (Center Screen) 1,80m; Tragkraft 120kg (Indoor)<\/p>\n","protected":false},"featured_media":1400420,"template":"","meta":{"_acf_changed":false},"product_brand":[],"product_cat":[488],"product_tag":[783,784,782,785],"class_list":{"0":"post-207767","1":"product","2":"type-product","3":"status-publish","4":"has-post-thumbnail","6":"product_cat-video-zubehoer","7":"product_tag-aufhaengung","8":"product_tag-displaystaender","9":"product_tag-screenlifter","10":"product_tag-staender","12":"first","13":"instock","14":"shipping-taxable","15":"purchasable","16":"product-type-simple"},"acf":[],"yoast_head":"<!-- This site is optimized with the Yoast SEO plugin v25.2 - https:\/\/yoast.com\/wordpress\/plugins\/seo\/ -->\n<title>AUDIPACK FS-QR120E Design-Flachbildschirmst\u00e4nder f\u00fcr Gro\u00dfbild-Screen bis 98&quot;; - fournell showtechnik<\/title>\n<meta name=\"robots\" content=\"index, follow, max-snippet:-1, max-image-preview:large, max-video-preview:-1\" \/>\n<link rel=\"canonical\" href=\"https:\/\/fournell.de\/en\/product\/audipack-fs-qr120e-design-flachbildschirmstaender-fuer-grossbild-screen-bis-98\/\" \/>\n<meta property=\"og:locale\" content=\"en_US\" \/>\n<meta property=\"og:type\" content=\"article\" \/>\n<meta property=\"og:title\" content=\"AUDIPACK FS-QR120E Design-Flachbildschirmst\u00e4nder f\u00fcr Gro\u00dfbild-Screen bis 98&quot;; - fournell showtechnik\" \/>\n<meta property=\"og:description\" content=\"Dynamic Screen-Lifter; 5Punkt Lock&#038;Secure Aufnahme; elektrische, variable H\u00f6henverstellung der Aufnahme; Aluminium; silberne Standrohre mit intergrierter Kabelf\u00fchrung; schwarzer Standfu\u00df; inkl. schwarzem Unterbau (115x60x19,5cm) f\u00fcr Verkabelung\/Zuspieler; Pr\u00e4sentationsh\u00f6he (Center Screen) 1,80m; Tragkraft 120kg (Indoor)\" \/>\n<meta property=\"og:url\" content=\"https:\/\/fournell.de\/en\/product\/audipack-fs-qr120e-design-flachbildschirmstaender-fuer-grossbild-screen-bis-98\/\" \/>\n<meta property=\"og:site_name\" content=\"fournell showtechnik\" \/>\n<meta property=\"article:publisher\" content=\"https:\/\/de-de.facebook.com\/fournellshowtechnik\/\" \/>\n<meta property=\"article:modified_time\" content=\"2024-11-06T01:13:20+00:00\" \/>\n<meta property=\"og:image\" content=\"https:\/\/fournell.de\/wp-content\/uploads\/2021\/07\/Audipack-FS-QR120-101.jpg\" \/>\n\t<meta property=\"og:image:width\" content=\"1024\" \/>\n\t<meta property=\"og:image:height\" content=\"768\" \/>\n\t<meta property=\"og:image:type\" content=\"image\/jpeg\" \/>\n<meta name=\"twitter:card\" content=\"summary_large_image\" \/>\n<script type=\"application\/ld+json\" class=\"yoast-schema-graph\">{\"@context\":\"https:\/\/schema.org\",\"@graph\":[{\"@type\":\"WebPage\",\"@id\":\"https:\/\/fournell.de\/en\/product\/audipack-fs-qr120e-design-flachbildschirmstaender-fuer-grossbild-screen-bis-98\/\",\"url\":\"https:\/\/fournell.de\/en\/product\/audipack-fs-qr120e-design-flachbildschirmstaender-fuer-grossbild-screen-bis-98\/\",\"name\":\"AUDIPACK FS-QR120E Design-Flachbildschirmst\u00e4nder f\u00fcr Gro\u00dfbild-Screen bis 98\\\"; - fournell showtechnik\",\"isPartOf\":{\"@id\":\"https:\/\/fournell.de\/en\/#website\"},\"primaryImageOfPage\":{\"@id\":\"https:\/\/fournell.de\/en\/product\/audipack-fs-qr120e-design-flachbildschirmstaender-fuer-grossbild-screen-bis-98\/#primaryimage\"},\"image\":{\"@id\":\"https:\/\/fournell.de\/en\/product\/audipack-fs-qr120e-design-flachbildschirmstaender-fuer-grossbild-screen-bis-98\/#primaryimage\"},\"thumbnailUrl\":\"https:\/\/fournell.de\/wp-content\/uploads\/2021\/07\/Audipack-FS-QR120-103.jpg\",\"datePublished\":\"2021-07-23T13:40:07+00:00\",\"dateModified\":\"2024-11-06T01:13:20+00:00\",\"breadcrumb\":{\"@id\":\"https:\/\/fournell.de\/en\/product\/audipack-fs-qr120e-design-flachbildschirmstaender-fuer-grossbild-screen-bis-98\/#breadcrumb\"},\"inLanguage\":\"en-US\",\"potentialAction\":[{\"@type\":\"ReadAction\",\"target\":[\"https:\/\/fournell.de\/en\/product\/audipack-fs-qr120e-design-flachbildschirmstaender-fuer-grossbild-screen-bis-98\/\"]}]},{\"@type\":\"ImageObject\",\"inLanguage\":\"en-US\",\"@id\":\"https:\/\/fournell.de\/en\/product\/audipack-fs-qr120e-design-flachbildschirmstaender-fuer-grossbild-screen-bis-98\/#primaryimage\",\"url\":\"https:\/\/fournell.de\/wp-content\/uploads\/2021\/07\/Audipack-FS-QR120-103.jpg\",\"contentUrl\":\"https:\/\/fournell.de\/wp-content\/uploads\/2021\/07\/Audipack-FS-QR120-103.jpg\",\"width\":1024,\"height\":768},{\"@type\":\"BreadcrumbList\",\"@id\":\"https:\/\/fournell.de\/en\/product\/audipack-fs-qr120e-design-flachbildschirmstaender-fuer-grossbild-screen-bis-98\/#breadcrumb\",\"itemListElement\":[{\"@type\":\"ListItem\",\"position\":1,\"name\":\"Home\",\"item\":\"https:\/\/fournell.de\/en\/\"},{\"@type\":\"ListItem\",\"position\":2,\"name\":\"Shop\",\"item\":\"https:\/\/fournell.de\/en\/shop\/\"},{\"@type\":\"ListItem\",\"position\":3,\"name\":\"AUDIPACK FS-QR120E Design-Flachbildschirmst\u00e4nder f\u00fcr Gro\u00dfbild-Screen bis 98&#8243;;\"}]},{\"@type\":\"WebSite\",\"@id\":\"https:\/\/fournell.de\/en\/#website\",\"url\":\"https:\/\/fournell.de\/en\/\",\"name\":\"fournell showtechnik\",\"description\":\"\",\"publisher\":{\"@id\":\"https:\/\/fournell.de\/en\/#organization\"},\"potentialAction\":[{\"@type\":\"SearchAction\",\"target\":{\"@type\":\"EntryPoint\",\"urlTemplate\":\"https:\/\/fournell.de\/en\/?s={search_term_string}\"},\"query-input\":{\"@type\":\"PropertyValueSpecification\",\"valueRequired\":true,\"valueName\":\"search_term_string\"}}],\"inLanguage\":\"en-US\"},{\"@type\":\"Organization\",\"@id\":\"https:\/\/fournell.de\/en\/#organization\",\"name\":\"fournell Showtechnik\",\"url\":\"https:\/\/fournell.de\/en\/\",\"logo\":{\"@type\":\"ImageObject\",\"inLanguage\":\"en-US\",\"@id\":\"https:\/\/fournell.de\/en\/#\/schema\/logo\/image\/\",\"url\":\"https:\/\/fournell.de\/wp-content\/uploads\/2021\/03\/bulb.png\",\"contentUrl\":\"https:\/\/fournell.de\/wp-content\/uploads\/2021\/03\/bulb.png\",\"width\":112,\"height\":103,\"caption\":\"fournell Showtechnik\"},\"image\":{\"@id\":\"https:\/\/fournell.de\/en\/#\/schema\/logo\/image\/\"},\"sameAs\":[\"https:\/\/de-de.facebook.com\/fournellshowtechnik\/\",\"https:\/\/www.instagram.com\/fournellshowtechnik\/?hl=de\",\"https:\/\/www.linkedin.com\/company\/fournell\/?originalSubdomain=de\"]}]}<\/script>\n<!-- \/ Yoast SEO plugin. -->","yoast_head_json":{"title":"AUDIPACK FS-QR120E Design-Flachbildschirmst\u00e4nder f\u00fcr Gro\u00dfbild-Screen bis 98\"; - fournell showtechnik","robots":{"index":"index","follow":"follow","max-snippet":"max-snippet:-1","max-image-preview":"max-image-preview:large","max-video-preview":"max-video-preview:-1"},"canonical":"https:\/\/fournell.de\/en\/product\/audipack-fs-qr120e-design-flachbildschirmstaender-fuer-grossbild-screen-bis-98\/","og_locale":"en_US","og_type":"article","og_title":"AUDIPACK FS-QR120E Design-Flachbildschirmst\u00e4nder f\u00fcr Gro\u00dfbild-Screen bis 98\"; - fournell showtechnik","og_description":"Dynamic Screen-Lifter; 5Punkt Lock&#038;Secure Aufnahme; elektrische, variable H\u00f6henverstellung der Aufnahme; Aluminium; silberne Standrohre mit intergrierter Kabelf\u00fchrung; schwarzer Standfu\u00df; inkl. schwarzem Unterbau (115x60x19,5cm) f\u00fcr Verkabelung\/Zuspieler; Pr\u00e4sentationsh\u00f6he (Center Screen) 1,80m; Tragkraft 120kg (Indoor)","og_url":"https:\/\/fournell.de\/en\/product\/audipack-fs-qr120e-design-flachbildschirmstaender-fuer-grossbild-screen-bis-98\/","og_site_name":"fournell showtechnik","article_publisher":"https:\/\/de-de.facebook.com\/fournellshowtechnik\/","article_modified_time":"2024-11-06T01:13:20+00:00","og_image":[{"width":1024,"height":768,"url":"https:\/\/fournell.de\/wp-content\/uploads\/2021\/07\/Audipack-FS-QR120-101.jpg","type":"image\/jpeg"}],"twitter_card":"summary_large_image","schema":{"@context":"https:\/\/schema.org","@graph":[{"@type":"WebPage","@id":"https:\/\/fournell.de\/en\/product\/audipack-fs-qr120e-design-flachbildschirmstaender-fuer-grossbild-screen-bis-98\/","url":"https:\/\/fournell.de\/en\/product\/audipack-fs-qr120e-design-flachbildschirmstaender-fuer-grossbild-screen-bis-98\/","name":"AUDIPACK FS-QR120E Design-Flachbildschirmst\u00e4nder f\u00fcr Gro\u00dfbild-Screen bis 98\"; - fournell showtechnik","isPartOf":{"@id":"https:\/\/fournell.de\/en\/#website"},"primaryImageOfPage":{"@id":"https:\/\/fournell.de\/en\/product\/audipack-fs-qr120e-design-flachbildschirmstaender-fuer-grossbild-screen-bis-98\/#primaryimage"},"image":{"@id":"https:\/\/fournell.de\/en\/product\/audipack-fs-qr120e-design-flachbildschirmstaender-fuer-grossbild-screen-bis-98\/#primaryimage"},"thumbnailUrl":"https:\/\/fournell.de\/wp-content\/uploads\/2021\/07\/Audipack-FS-QR120-103.jpg","datePublished":"2021-07-23T13:40:07+00:00","dateModified":"2024-11-06T01:13:20+00:00","breadcrumb":{"@id":"https:\/\/fournell.de\/en\/product\/audipack-fs-qr120e-design-flachbildschirmstaender-fuer-grossbild-screen-bis-98\/#breadcrumb"},"inLanguage":"en-US","potentialAction":[{"@type":"ReadAction","target":["https:\/\/fournell.de\/en\/product\/audipack-fs-qr120e-design-flachbildschirmstaender-fuer-grossbild-screen-bis-98\/"]}]},{"@type":"ImageObject","inLanguage":"en-US","@id":"https:\/\/fournell.de\/en\/product\/audipack-fs-qr120e-design-flachbildschirmstaender-fuer-grossbild-screen-bis-98\/#primaryimage","url":"https:\/\/fournell.de\/wp-content\/uploads\/2021\/07\/Audipack-FS-QR120-103.jpg","contentUrl":"https:\/\/fournell.de\/wp-content\/uploads\/2021\/07\/Audipack-FS-QR120-103.jpg","width":1024,"height":768},{"@type":"BreadcrumbList","@id":"https:\/\/fournell.de\/en\/product\/audipack-fs-qr120e-design-flachbildschirmstaender-fuer-grossbild-screen-bis-98\/#breadcrumb","itemListElement":[{"@type":"ListItem","position":1,"name":"Home","item":"https:\/\/fournell.de\/en\/"},{"@type":"ListItem","position":2,"name":"Shop","item":"https:\/\/fournell.de\/en\/shop\/"},{"@type":"ListItem","position":3,"name":"AUDIPACK FS-QR120E Design-Flachbildschirmst\u00e4nder f\u00fcr Gro\u00dfbild-Screen bis 98&#8243;;"}]},{"@type":"WebSite","@id":"https:\/\/fournell.de\/en\/#website","url":"https:\/\/fournell.de\/en\/","name":"fournell showtechnik","description":"","publisher":{"@id":"https:\/\/fournell.de\/en\/#organization"},"potentialAction":[{"@type":"SearchAction","target":{"@type":"EntryPoint","urlTemplate":"https:\/\/fournell.de\/en\/?s={search_term_string}"},"query-input":{"@type":"PropertyValueSpecification","valueRequired":true,"valueName":"search_term_string"}}],"inLanguage":"en-US"},{"@type":"Organization","@id":"https:\/\/fournell.de\/en\/#organization","name":"fournell Showtechnik","url":"https:\/\/fournell.de\/en\/","logo":{"@type":"ImageObject","inLanguage":"en-US","@id":"https:\/\/fournell.de\/en\/#\/schema\/logo\/image\/","url":"https:\/\/fournell.de\/wp-content\/uploads\/2021\/03\/bulb.png","contentUrl":"https:\/\/fournell.de\/wp-content\/uploads\/2021\/03\/bulb.png","width":112,"height":103,"caption":"fournell Showtechnik"},"image":{"@id":"https:\/\/fournell.de\/en\/#\/schema\/logo\/image\/"},"sameAs":["https:\/\/de-de.facebook.com\/fournellshowtechnik\/","https:\/\/www.instagram.com\/fournellshowtechnik\/?hl=de","https:\/\/www.linkedin.com\/company\/fournell\/?originalSubdomain=de"]}]}},"_links":{"self":[{"href":"https:\/\/fournell.de\/en\/wp-json\/wp\/v2\/product\/207767"}],"collection":[{"href":"https:\/\/fournell.de\/en\/wp-json\/wp\/v2\/product"}],"about":[{"href":"https:\/\/fournell.de\/en\/wp-json\/wp\/v2\/types\/product"}],"wp:featuredmedia":[{"embeddable":true,"href":"https:\/\/fournell.de\/en\/wp-json\/wp\/v2\/media\/1400420"}],"wp:attachment":[{"href":"https:\/\/fournell.de\/en\/wp-json\/wp\/v2\/media?parent=207767"}],"wp:term":[{"taxonomy":"product_brand","embeddable":true,"href":"https:\/\/fournell.de\/en\/wp-json\/wp\/v2\/product_brand?post=207767"},{"taxonomy":"product_cat","embeddable":true,"href":"https:\/\/fournell.de\/en\/wp-json\/wp\/v2\/product_cat?post=207767"},{"taxonomy":"product_tag","embeddable":true,"href":"https:\/\/fournell.de\/en\/wp-json\/wp\/v2\/product_tag?post=207767"}],"curies":[{"name":"wp","href":"https:\/\/api.w.org\/{rel}","templated":true}]}}