{"id":260680,"date":"2022-01-15T04:34:53","date_gmt":"2022-01-15T03:34:53","guid":{"rendered":"https:\/\/fournell.de\/product\/chauvet-color-strike-m-led-outdoor-rgbw-fullcolor-strobe-fluter-525w\/"},"modified":"2024-11-06T02:43:44","modified_gmt":"2024-11-06T01:43:44","slug":"chauvet-color-strike-m-led-outdoor-rgbw-fullcolor-strobe-fluter-525w","status":"publish","type":"product","link":"https:\/\/fournell.de\/en\/product\/chauvet-color-strike-m-led-outdoor-rgbw-fullcolor-strobe-fluter-525w\/","title":{"rendered":"CHAUVET Color-STRIKE-M LED Outdoor RGBW-Fullcolor Strobe\/Fluter 525W;"},"content":{"rendered":"<p>Hybrid Stroboskop-\/Wash-Scheinwerfer mit motorisiertem Schwenkkopf; 896x LED (Tri-Color) + 432x LED (CW); 7.500K; Strobe Rate: 0-30Hz; integr. Display\/Tastatur; integr. Farbwechsel-Programme; Pixel Mappable Zones: 14x RGB-Fl\u00e4che + 28x in beiden Tubes (White-Strobe); Stand- und H\u00e4ngeb\u00fcgel; sehr kompaktes Ger\u00e4t; Art-Net, sACN (2x EtherCon); RDM; DMX-512 (XLR 5pol in\/out); PC\/True1; IP65; schwarz; Abstrahlwinkel 140\u00b0x120\u00b0<\/p>\n","protected":false},"excerpt":{"rendered":"<p>Hybrid Stroboskop-\/Wash-Scheinwerfer mit motorisiertem Schwenkkopf; 896x LED (Tri-Color) + 432x LED (CW); 7.500K; Strobe Rate: 0-30Hz; integr. Display\/Tastatur; integr. Farbwechsel-Programme; Pixel Mappable Zones: 14x RGB-Fl\u00e4che + 28x in beiden Tubes (White-Strobe); Stand- und H\u00e4ngeb\u00fcgel; sehr kompaktes Ger\u00e4t; Art-Net, sACN (2x EtherCon); RDM; DMX-512 (XLR 5pol in\/out); PC\/True1; IP65; schwarz; Abstrahlwinkel 140\u00b0x120\u00b0<\/p>\n","protected":false},"featured_media":1400836,"template":"","meta":{"_acf_changed":false},"product_brand":[],"product_cat":[522],"product_tag":[654,901,633,643,629,632,670],"class_list":{"0":"post-260680","1":"product","2":"type-product","3":"status-publish","4":"has-post-thumbnail","6":"product_cat-licht-led-lichttechnik","7":"product_tag-ambiente","8":"product_tag-fassade","9":"product_tag-fluter","10":"product_tag-ip65","11":"product_tag-led","12":"product_tag-outdoor","13":"product_tag-strobo","15":"first","16":"instock","17":"shipping-taxable","18":"purchasable","19":"product-type-simple"},"acf":[],"yoast_head":"<!-- This site is optimized with the Yoast SEO plugin v25.2 - https:\/\/yoast.com\/wordpress\/plugins\/seo\/ -->\n<title>CHAUVET Color-STRIKE-M LED Outdoor RGBW-Fullcolor Strobe\/Fluter 525W; - fournell showtechnik<\/title>\n<meta name=\"robots\" content=\"index, follow, max-snippet:-1, max-image-preview:large, max-video-preview:-1\" \/>\n<link rel=\"canonical\" href=\"https:\/\/fournell.de\/en\/product\/chauvet-color-strike-m-led-outdoor-rgbw-fullcolor-strobe-fluter-525w\/\" \/>\n<meta property=\"og:locale\" content=\"en_US\" \/>\n<meta property=\"og:type\" content=\"article\" \/>\n<meta property=\"og:title\" content=\"CHAUVET Color-STRIKE-M LED Outdoor RGBW-Fullcolor Strobe\/Fluter 525W; - fournell showtechnik\" \/>\n<meta property=\"og:description\" content=\"Hybrid Stroboskop-\/Wash-Scheinwerfer mit motorisiertem Schwenkkopf; 896x LED (Tri-Color) + 432x LED (CW); 7.500K; Strobe Rate: 0-30Hz; integr. Display\/Tastatur; integr. Farbwechsel-Programme; Pixel Mappable Zones: 14x RGB-Fl\u00e4che + 28x in beiden Tubes (White-Strobe); Stand- und H\u00e4ngeb\u00fcgel; sehr kompaktes Ger\u00e4t; Art-Net, sACN (2x EtherCon); RDM; DMX-512 (XLR 5pol in\/out); PC\/True1; IP65; schwarz; Abstrahlwinkel 140\u00b0x120\u00b0\" \/>\n<meta property=\"og:url\" content=\"https:\/\/fournell.de\/en\/product\/chauvet-color-strike-m-led-outdoor-rgbw-fullcolor-strobe-fluter-525w\/\" \/>\n<meta property=\"og:site_name\" content=\"fournell showtechnik\" \/>\n<meta property=\"article:publisher\" content=\"https:\/\/de-de.facebook.com\/fournellshowtechnik\/\" \/>\n<meta property=\"article:modified_time\" content=\"2024-11-06T01:43:44+00:00\" \/>\n<meta property=\"og:image\" content=\"https:\/\/fournell.de\/wp-content\/uploads\/2022\/01\/Artikelbild_Chauvet_Colorstrike-101.png\" \/>\n\t<meta property=\"og:image:width\" content=\"1200\" \/>\n\t<meta property=\"og:image:height\" content=\"900\" \/>\n\t<meta property=\"og:image:type\" content=\"image\/png\" \/>\n<meta name=\"twitter:card\" content=\"summary_large_image\" \/>\n<script type=\"application\/ld+json\" class=\"yoast-schema-graph\">{\"@context\":\"https:\/\/schema.org\",\"@graph\":[{\"@type\":\"WebPage\",\"@id\":\"https:\/\/fournell.de\/en\/product\/chauvet-color-strike-m-led-outdoor-rgbw-fullcolor-strobe-fluter-525w\/\",\"url\":\"https:\/\/fournell.de\/en\/product\/chauvet-color-strike-m-led-outdoor-rgbw-fullcolor-strobe-fluter-525w\/\",\"name\":\"CHAUVET Color-STRIKE-M LED Outdoor RGBW-Fullcolor Strobe\/Fluter 525W; - fournell showtechnik\",\"isPartOf\":{\"@id\":\"https:\/\/fournell.de\/en\/#website\"},\"primaryImageOfPage\":{\"@id\":\"https:\/\/fournell.de\/en\/product\/chauvet-color-strike-m-led-outdoor-rgbw-fullcolor-strobe-fluter-525w\/#primaryimage\"},\"image\":{\"@id\":\"https:\/\/fournell.de\/en\/product\/chauvet-color-strike-m-led-outdoor-rgbw-fullcolor-strobe-fluter-525w\/#primaryimage\"},\"thumbnailUrl\":\"https:\/\/fournell.de\/wp-content\/uploads\/2022\/01\/Artikelbild_Chauvet_Colorstrike-103.png\",\"datePublished\":\"2022-01-15T03:34:53+00:00\",\"dateModified\":\"2024-11-06T01:43:44+00:00\",\"breadcrumb\":{\"@id\":\"https:\/\/fournell.de\/en\/product\/chauvet-color-strike-m-led-outdoor-rgbw-fullcolor-strobe-fluter-525w\/#breadcrumb\"},\"inLanguage\":\"en-US\",\"potentialAction\":[{\"@type\":\"ReadAction\",\"target\":[\"https:\/\/fournell.de\/en\/product\/chauvet-color-strike-m-led-outdoor-rgbw-fullcolor-strobe-fluter-525w\/\"]}]},{\"@type\":\"ImageObject\",\"inLanguage\":\"en-US\",\"@id\":\"https:\/\/fournell.de\/en\/product\/chauvet-color-strike-m-led-outdoor-rgbw-fullcolor-strobe-fluter-525w\/#primaryimage\",\"url\":\"https:\/\/fournell.de\/wp-content\/uploads\/2022\/01\/Artikelbild_Chauvet_Colorstrike-103.png\",\"contentUrl\":\"https:\/\/fournell.de\/wp-content\/uploads\/2022\/01\/Artikelbild_Chauvet_Colorstrike-103.png\",\"width\":1200,\"height\":900},{\"@type\":\"BreadcrumbList\",\"@id\":\"https:\/\/fournell.de\/en\/product\/chauvet-color-strike-m-led-outdoor-rgbw-fullcolor-strobe-fluter-525w\/#breadcrumb\",\"itemListElement\":[{\"@type\":\"ListItem\",\"position\":1,\"name\":\"Home\",\"item\":\"https:\/\/fournell.de\/en\/\"},{\"@type\":\"ListItem\",\"position\":2,\"name\":\"Shop\",\"item\":\"https:\/\/fournell.de\/en\/shop\/\"},{\"@type\":\"ListItem\",\"position\":3,\"name\":\"CHAUVET Color-STRIKE-M LED Outdoor RGBW-Fullcolor Strobe\/Fluter 525W;\"}]},{\"@type\":\"WebSite\",\"@id\":\"https:\/\/fournell.de\/en\/#website\",\"url\":\"https:\/\/fournell.de\/en\/\",\"name\":\"fournell showtechnik\",\"description\":\"\",\"publisher\":{\"@id\":\"https:\/\/fournell.de\/en\/#organization\"},\"potentialAction\":[{\"@type\":\"SearchAction\",\"target\":{\"@type\":\"EntryPoint\",\"urlTemplate\":\"https:\/\/fournell.de\/en\/?s={search_term_string}\"},\"query-input\":{\"@type\":\"PropertyValueSpecification\",\"valueRequired\":true,\"valueName\":\"search_term_string\"}}],\"inLanguage\":\"en-US\"},{\"@type\":\"Organization\",\"@id\":\"https:\/\/fournell.de\/en\/#organization\",\"name\":\"fournell Showtechnik\",\"url\":\"https:\/\/fournell.de\/en\/\",\"logo\":{\"@type\":\"ImageObject\",\"inLanguage\":\"en-US\",\"@id\":\"https:\/\/fournell.de\/en\/#\/schema\/logo\/image\/\",\"url\":\"https:\/\/fournell.de\/wp-content\/uploads\/2021\/03\/bulb.png\",\"contentUrl\":\"https:\/\/fournell.de\/wp-content\/uploads\/2021\/03\/bulb.png\",\"width\":112,\"height\":103,\"caption\":\"fournell Showtechnik\"},\"image\":{\"@id\":\"https:\/\/fournell.de\/en\/#\/schema\/logo\/image\/\"},\"sameAs\":[\"https:\/\/de-de.facebook.com\/fournellshowtechnik\/\",\"https:\/\/www.instagram.com\/fournellshowtechnik\/?hl=de\",\"https:\/\/www.linkedin.com\/company\/fournell\/?originalSubdomain=de\"]}]}<\/script>\n<!-- \/ Yoast SEO plugin. -->","yoast_head_json":{"title":"CHAUVET Color-STRIKE-M LED Outdoor RGBW-Fullcolor Strobe\/Fluter 525W; - fournell showtechnik","robots":{"index":"index","follow":"follow","max-snippet":"max-snippet:-1","max-image-preview":"max-image-preview:large","max-video-preview":"max-video-preview:-1"},"canonical":"https:\/\/fournell.de\/en\/product\/chauvet-color-strike-m-led-outdoor-rgbw-fullcolor-strobe-fluter-525w\/","og_locale":"en_US","og_type":"article","og_title":"CHAUVET Color-STRIKE-M LED Outdoor RGBW-Fullcolor Strobe\/Fluter 525W; - fournell showtechnik","og_description":"Hybrid Stroboskop-\/Wash-Scheinwerfer mit motorisiertem Schwenkkopf; 896x LED (Tri-Color) + 432x LED (CW); 7.500K; Strobe Rate: 0-30Hz; integr. Display\/Tastatur; integr. Farbwechsel-Programme; Pixel Mappable Zones: 14x RGB-Fl\u00e4che + 28x in beiden Tubes (White-Strobe); Stand- und H\u00e4ngeb\u00fcgel; sehr kompaktes Ger\u00e4t; Art-Net, sACN (2x EtherCon); RDM; DMX-512 (XLR 5pol in\/out); PC\/True1; IP65; schwarz; Abstrahlwinkel 140\u00b0x120\u00b0","og_url":"https:\/\/fournell.de\/en\/product\/chauvet-color-strike-m-led-outdoor-rgbw-fullcolor-strobe-fluter-525w\/","og_site_name":"fournell showtechnik","article_publisher":"https:\/\/de-de.facebook.com\/fournellshowtechnik\/","article_modified_time":"2024-11-06T01:43:44+00:00","og_image":[{"width":1200,"height":900,"url":"https:\/\/fournell.de\/wp-content\/uploads\/2022\/01\/Artikelbild_Chauvet_Colorstrike-101.png","type":"image\/png"}],"twitter_card":"summary_large_image","schema":{"@context":"https:\/\/schema.org","@graph":[{"@type":"WebPage","@id":"https:\/\/fournell.de\/en\/product\/chauvet-color-strike-m-led-outdoor-rgbw-fullcolor-strobe-fluter-525w\/","url":"https:\/\/fournell.de\/en\/product\/chauvet-color-strike-m-led-outdoor-rgbw-fullcolor-strobe-fluter-525w\/","name":"CHAUVET Color-STRIKE-M LED Outdoor RGBW-Fullcolor Strobe\/Fluter 525W; - fournell showtechnik","isPartOf":{"@id":"https:\/\/fournell.de\/en\/#website"},"primaryImageOfPage":{"@id":"https:\/\/fournell.de\/en\/product\/chauvet-color-strike-m-led-outdoor-rgbw-fullcolor-strobe-fluter-525w\/#primaryimage"},"image":{"@id":"https:\/\/fournell.de\/en\/product\/chauvet-color-strike-m-led-outdoor-rgbw-fullcolor-strobe-fluter-525w\/#primaryimage"},"thumbnailUrl":"https:\/\/fournell.de\/wp-content\/uploads\/2022\/01\/Artikelbild_Chauvet_Colorstrike-103.png","datePublished":"2022-01-15T03:34:53+00:00","dateModified":"2024-11-06T01:43:44+00:00","breadcrumb":{"@id":"https:\/\/fournell.de\/en\/product\/chauvet-color-strike-m-led-outdoor-rgbw-fullcolor-strobe-fluter-525w\/#breadcrumb"},"inLanguage":"en-US","potentialAction":[{"@type":"ReadAction","target":["https:\/\/fournell.de\/en\/product\/chauvet-color-strike-m-led-outdoor-rgbw-fullcolor-strobe-fluter-525w\/"]}]},{"@type":"ImageObject","inLanguage":"en-US","@id":"https:\/\/fournell.de\/en\/product\/chauvet-color-strike-m-led-outdoor-rgbw-fullcolor-strobe-fluter-525w\/#primaryimage","url":"https:\/\/fournell.de\/wp-content\/uploads\/2022\/01\/Artikelbild_Chauvet_Colorstrike-103.png","contentUrl":"https:\/\/fournell.de\/wp-content\/uploads\/2022\/01\/Artikelbild_Chauvet_Colorstrike-103.png","width":1200,"height":900},{"@type":"BreadcrumbList","@id":"https:\/\/fournell.de\/en\/product\/chauvet-color-strike-m-led-outdoor-rgbw-fullcolor-strobe-fluter-525w\/#breadcrumb","itemListElement":[{"@type":"ListItem","position":1,"name":"Home","item":"https:\/\/fournell.de\/en\/"},{"@type":"ListItem","position":2,"name":"Shop","item":"https:\/\/fournell.de\/en\/shop\/"},{"@type":"ListItem","position":3,"name":"CHAUVET Color-STRIKE-M LED Outdoor RGBW-Fullcolor Strobe\/Fluter 525W;"}]},{"@type":"WebSite","@id":"https:\/\/fournell.de\/en\/#website","url":"https:\/\/fournell.de\/en\/","name":"fournell showtechnik","description":"","publisher":{"@id":"https:\/\/fournell.de\/en\/#organization"},"potentialAction":[{"@type":"SearchAction","target":{"@type":"EntryPoint","urlTemplate":"https:\/\/fournell.de\/en\/?s={search_term_string}"},"query-input":{"@type":"PropertyValueSpecification","valueRequired":true,"valueName":"search_term_string"}}],"inLanguage":"en-US"},{"@type":"Organization","@id":"https:\/\/fournell.de\/en\/#organization","name":"fournell Showtechnik","url":"https:\/\/fournell.de\/en\/","logo":{"@type":"ImageObject","inLanguage":"en-US","@id":"https:\/\/fournell.de\/en\/#\/schema\/logo\/image\/","url":"https:\/\/fournell.de\/wp-content\/uploads\/2021\/03\/bulb.png","contentUrl":"https:\/\/fournell.de\/wp-content\/uploads\/2021\/03\/bulb.png","width":112,"height":103,"caption":"fournell Showtechnik"},"image":{"@id":"https:\/\/fournell.de\/en\/#\/schema\/logo\/image\/"},"sameAs":["https:\/\/de-de.facebook.com\/fournellshowtechnik\/","https:\/\/www.instagram.com\/fournellshowtechnik\/?hl=de","https:\/\/www.linkedin.com\/company\/fournell\/?originalSubdomain=de"]}]}},"_links":{"self":[{"href":"https:\/\/fournell.de\/en\/wp-json\/wp\/v2\/product\/260680"}],"collection":[{"href":"https:\/\/fournell.de\/en\/wp-json\/wp\/v2\/product"}],"about":[{"href":"https:\/\/fournell.de\/en\/wp-json\/wp\/v2\/types\/product"}],"wp:featuredmedia":[{"embeddable":true,"href":"https:\/\/fournell.de\/en\/wp-json\/wp\/v2\/media\/1400836"}],"wp:attachment":[{"href":"https:\/\/fournell.de\/en\/wp-json\/wp\/v2\/media?parent=260680"}],"wp:term":[{"taxonomy":"product_brand","embeddable":true,"href":"https:\/\/fournell.de\/en\/wp-json\/wp\/v2\/product_brand?post=260680"},{"taxonomy":"product_cat","embeddable":true,"href":"https:\/\/fournell.de\/en\/wp-json\/wp\/v2\/product_cat?post=260680"},{"taxonomy":"product_tag","embeddable":true,"href":"https:\/\/fournell.de\/en\/wp-json\/wp\/v2\/product_tag?post=260680"}],"curies":[{"name":"wp","href":"https:\/\/api.w.org\/{rel}","templated":true}]}}