{"id":319708,"date":"2022-07-08T15:21:07","date_gmt":"2022-07-08T14:21:07","guid":{"rendered":"https:\/\/fournell.de\/product\/prolights-eclprofile-ct-ip-outdoor-led-profilscheinwerfer-ohne-optik-288w-schwarz\/"},"modified":"2025-04-25T10:14:28","modified_gmt":"2025-04-25T09:14:28","slug":"prolights-eclprofile-ct-ip-outdoor-led-profilscheinwerfer-ohne-optik-288w-schwarz","status":"publish","type":"product","link":"https:\/\/fournell.de\/en\/product\/prolights-eclprofile-ct-ip-outdoor-led-profilscheinwerfer-ohne-optik-288w-schwarz\/","title":{"rendered":"PROLIGHTS EclProfile CT+\/IP Outdoor LED-Profilscheinwerfer (ohne Optik) 288W; schwarz;"},"content":{"rendered":"<p>mit variabler Farbtemeratur (2.800-10.000K); 6-Farb-LED-System (R,G,B,RB,M,A); vorprogrammierte Wei\u00dft\u00f6ne und Farbpresets; flackerfreier und ger\u00e4uscharmer Betrieb, ideal f\u00fcr TV, Film und Theater; LCD-Display; CRI <97 \/ TLCI <95; DMX-512; XLR 5pol (in\/out); Anschluss f\u00fcr rotierbare Gobo-Einheit; IP65; schwarz; best\u00fcckbar mit optionalen Optiken; inkl. Farbfilterrahmen + TV-Zapfen + Halfcoupler mit TV-Aufnahme\n<\/p>\n","protected":false},"excerpt":{"rendered":"<p>mit variabler Farbtemeratur (2.800-10.000K); 6-Farb-LED-System (R,G,B,RB,M,A); vorprogrammierte Wei\u00dft\u00f6ne und Farbpresets; flackerfreier und ger\u00e4uscharmer Betrieb, ideal f\u00fcr TV, Film und Theater; LCD-Display; CRI<\/p>\n","protected":false},"featured_media":1400842,"template":"","meta":{"_acf_changed":false},"product_brand":[],"product_cat":[522],"product_tag":[909,643,629,632,911],"class_list":{"0":"post-319708","1":"product","2":"type-product","3":"status-publish","4":"has-post-thumbnail","6":"product_cat-licht-led-lichttechnik","7":"product_tag-buehne","8":"product_tag-ip65","9":"product_tag-led","10":"product_tag-outdoor","11":"product_tag-profiler","13":"first","14":"instock","15":"shipping-taxable","16":"purchasable","17":"product-type-simple"},"acf":[],"yoast_head":"<!-- This site is optimized with the Yoast SEO plugin v25.2 - https:\/\/yoast.com\/wordpress\/plugins\/seo\/ -->\n<title>PROLIGHTS EclProfile CT+\/IP Outdoor LED-Profilscheinwerfer (ohne Optik) 288W; schwarz; - fournell showtechnik<\/title>\n<meta name=\"robots\" content=\"index, follow, max-snippet:-1, max-image-preview:large, max-video-preview:-1\" \/>\n<link rel=\"canonical\" href=\"https:\/\/fournell.de\/en\/product\/prolights-eclprofile-ct-ip-outdoor-led-profilscheinwerfer-ohne-optik-288w-schwarz\/\" \/>\n<meta property=\"og:locale\" content=\"en_US\" \/>\n<meta property=\"og:type\" content=\"article\" \/>\n<meta property=\"og:title\" content=\"PROLIGHTS EclProfile CT+\/IP Outdoor LED-Profilscheinwerfer (ohne Optik) 288W; schwarz; - fournell showtechnik\" \/>\n<meta property=\"og:description\" content=\"mit variabler Farbtemeratur (2.800-10.000K); 6-Farb-LED-System (R,G,B,RB,M,A); vorprogrammierte Wei\u00dft\u00f6ne und Farbpresets; flackerfreier und ger\u00e4uscharmer Betrieb, ideal f\u00fcr TV, Film und Theater; LCD-Display; CRI\" \/>\n<meta property=\"og:url\" content=\"https:\/\/fournell.de\/en\/product\/prolights-eclprofile-ct-ip-outdoor-led-profilscheinwerfer-ohne-optik-288w-schwarz\/\" \/>\n<meta property=\"og:site_name\" content=\"fournell showtechnik\" \/>\n<meta property=\"article:publisher\" content=\"https:\/\/de-de.facebook.com\/fournellshowtechnik\/\" \/>\n<meta property=\"article:modified_time\" content=\"2025-04-25T09:14:28+00:00\" \/>\n<meta property=\"og:image\" content=\"https:\/\/fournell.de\/wp-content\/uploads\/2022\/07\/ProlightsECLProfileoutdoor-103.jpg\" \/>\n\t<meta property=\"og:image:width\" content=\"1024\" \/>\n\t<meta property=\"og:image:height\" content=\"768\" \/>\n\t<meta property=\"og:image:type\" content=\"image\/jpeg\" \/>\n<meta name=\"twitter:card\" content=\"summary_large_image\" \/>\n<script type=\"application\/ld+json\" class=\"yoast-schema-graph\">{\"@context\":\"https:\/\/schema.org\",\"@graph\":[{\"@type\":\"WebPage\",\"@id\":\"https:\/\/fournell.de\/en\/product\/prolights-eclprofile-ct-ip-outdoor-led-profilscheinwerfer-ohne-optik-288w-schwarz\/\",\"url\":\"https:\/\/fournell.de\/en\/product\/prolights-eclprofile-ct-ip-outdoor-led-profilscheinwerfer-ohne-optik-288w-schwarz\/\",\"name\":\"PROLIGHTS EclProfile CT+\/IP Outdoor LED-Profilscheinwerfer (ohne Optik) 288W; schwarz; - fournell showtechnik\",\"isPartOf\":{\"@id\":\"https:\/\/fournell.de\/en\/#website\"},\"primaryImageOfPage\":{\"@id\":\"https:\/\/fournell.de\/en\/product\/prolights-eclprofile-ct-ip-outdoor-led-profilscheinwerfer-ohne-optik-288w-schwarz\/#primaryimage\"},\"image\":{\"@id\":\"https:\/\/fournell.de\/en\/product\/prolights-eclprofile-ct-ip-outdoor-led-profilscheinwerfer-ohne-optik-288w-schwarz\/#primaryimage\"},\"thumbnailUrl\":\"https:\/\/fournell.de\/wp-content\/uploads\/2022\/07\/ProlightsECLProfileoutdoor-103.jpg\",\"datePublished\":\"2022-07-08T14:21:07+00:00\",\"dateModified\":\"2025-04-25T09:14:28+00:00\",\"breadcrumb\":{\"@id\":\"https:\/\/fournell.de\/en\/product\/prolights-eclprofile-ct-ip-outdoor-led-profilscheinwerfer-ohne-optik-288w-schwarz\/#breadcrumb\"},\"inLanguage\":\"en-US\",\"potentialAction\":[{\"@type\":\"ReadAction\",\"target\":[\"https:\/\/fournell.de\/en\/product\/prolights-eclprofile-ct-ip-outdoor-led-profilscheinwerfer-ohne-optik-288w-schwarz\/\"]}]},{\"@type\":\"ImageObject\",\"inLanguage\":\"en-US\",\"@id\":\"https:\/\/fournell.de\/en\/product\/prolights-eclprofile-ct-ip-outdoor-led-profilscheinwerfer-ohne-optik-288w-schwarz\/#primaryimage\",\"url\":\"https:\/\/fournell.de\/wp-content\/uploads\/2022\/07\/ProlightsECLProfileoutdoor-103.jpg\",\"contentUrl\":\"https:\/\/fournell.de\/wp-content\/uploads\/2022\/07\/ProlightsECLProfileoutdoor-103.jpg\",\"width\":1024,\"height\":768},{\"@type\":\"BreadcrumbList\",\"@id\":\"https:\/\/fournell.de\/en\/product\/prolights-eclprofile-ct-ip-outdoor-led-profilscheinwerfer-ohne-optik-288w-schwarz\/#breadcrumb\",\"itemListElement\":[{\"@type\":\"ListItem\",\"position\":1,\"name\":\"Home\",\"item\":\"https:\/\/fournell.de\/en\/\"},{\"@type\":\"ListItem\",\"position\":2,\"name\":\"Shop\",\"item\":\"https:\/\/fournell.de\/en\/shop\/\"},{\"@type\":\"ListItem\",\"position\":3,\"name\":\"PROLIGHTS EclProfile CT+\/IP Outdoor LED-Profilscheinwerfer (ohne Optik) 288W; schwarz;\"}]},{\"@type\":\"WebSite\",\"@id\":\"https:\/\/fournell.de\/en\/#website\",\"url\":\"https:\/\/fournell.de\/en\/\",\"name\":\"fournell showtechnik\",\"description\":\"\",\"publisher\":{\"@id\":\"https:\/\/fournell.de\/en\/#organization\"},\"potentialAction\":[{\"@type\":\"SearchAction\",\"target\":{\"@type\":\"EntryPoint\",\"urlTemplate\":\"https:\/\/fournell.de\/en\/?s={search_term_string}\"},\"query-input\":{\"@type\":\"PropertyValueSpecification\",\"valueRequired\":true,\"valueName\":\"search_term_string\"}}],\"inLanguage\":\"en-US\"},{\"@type\":\"Organization\",\"@id\":\"https:\/\/fournell.de\/en\/#organization\",\"name\":\"fournell Showtechnik\",\"url\":\"https:\/\/fournell.de\/en\/\",\"logo\":{\"@type\":\"ImageObject\",\"inLanguage\":\"en-US\",\"@id\":\"https:\/\/fournell.de\/en\/#\/schema\/logo\/image\/\",\"url\":\"https:\/\/fournell.de\/wp-content\/uploads\/2021\/03\/bulb.png\",\"contentUrl\":\"https:\/\/fournell.de\/wp-content\/uploads\/2021\/03\/bulb.png\",\"width\":112,\"height\":103,\"caption\":\"fournell Showtechnik\"},\"image\":{\"@id\":\"https:\/\/fournell.de\/en\/#\/schema\/logo\/image\/\"},\"sameAs\":[\"https:\/\/de-de.facebook.com\/fournellshowtechnik\/\",\"https:\/\/www.instagram.com\/fournellshowtechnik\/?hl=de\",\"https:\/\/www.linkedin.com\/company\/fournell\/?originalSubdomain=de\"]}]}<\/script>\n<!-- \/ Yoast SEO plugin. -->","yoast_head_json":{"title":"PROLIGHTS EclProfile CT+\/IP Outdoor LED-Profilscheinwerfer (ohne Optik) 288W; schwarz; - fournell showtechnik","robots":{"index":"index","follow":"follow","max-snippet":"max-snippet:-1","max-image-preview":"max-image-preview:large","max-video-preview":"max-video-preview:-1"},"canonical":"https:\/\/fournell.de\/en\/product\/prolights-eclprofile-ct-ip-outdoor-led-profilscheinwerfer-ohne-optik-288w-schwarz\/","og_locale":"en_US","og_type":"article","og_title":"PROLIGHTS EclProfile CT+\/IP Outdoor LED-Profilscheinwerfer (ohne Optik) 288W; schwarz; - fournell showtechnik","og_description":"mit variabler Farbtemeratur (2.800-10.000K); 6-Farb-LED-System (R,G,B,RB,M,A); vorprogrammierte Wei\u00dft\u00f6ne und Farbpresets; flackerfreier und ger\u00e4uscharmer Betrieb, ideal f\u00fcr TV, Film und Theater; LCD-Display; CRI","og_url":"https:\/\/fournell.de\/en\/product\/prolights-eclprofile-ct-ip-outdoor-led-profilscheinwerfer-ohne-optik-288w-schwarz\/","og_site_name":"fournell showtechnik","article_publisher":"https:\/\/de-de.facebook.com\/fournellshowtechnik\/","article_modified_time":"2025-04-25T09:14:28+00:00","og_image":[{"width":1024,"height":768,"url":"https:\/\/fournell.de\/wp-content\/uploads\/2022\/07\/ProlightsECLProfileoutdoor-103.jpg","type":"image\/jpeg"}],"twitter_card":"summary_large_image","schema":{"@context":"https:\/\/schema.org","@graph":[{"@type":"WebPage","@id":"https:\/\/fournell.de\/en\/product\/prolights-eclprofile-ct-ip-outdoor-led-profilscheinwerfer-ohne-optik-288w-schwarz\/","url":"https:\/\/fournell.de\/en\/product\/prolights-eclprofile-ct-ip-outdoor-led-profilscheinwerfer-ohne-optik-288w-schwarz\/","name":"PROLIGHTS EclProfile CT+\/IP Outdoor LED-Profilscheinwerfer (ohne Optik) 288W; schwarz; - fournell showtechnik","isPartOf":{"@id":"https:\/\/fournell.de\/en\/#website"},"primaryImageOfPage":{"@id":"https:\/\/fournell.de\/en\/product\/prolights-eclprofile-ct-ip-outdoor-led-profilscheinwerfer-ohne-optik-288w-schwarz\/#primaryimage"},"image":{"@id":"https:\/\/fournell.de\/en\/product\/prolights-eclprofile-ct-ip-outdoor-led-profilscheinwerfer-ohne-optik-288w-schwarz\/#primaryimage"},"thumbnailUrl":"https:\/\/fournell.de\/wp-content\/uploads\/2022\/07\/ProlightsECLProfileoutdoor-103.jpg","datePublished":"2022-07-08T14:21:07+00:00","dateModified":"2025-04-25T09:14:28+00:00","breadcrumb":{"@id":"https:\/\/fournell.de\/en\/product\/prolights-eclprofile-ct-ip-outdoor-led-profilscheinwerfer-ohne-optik-288w-schwarz\/#breadcrumb"},"inLanguage":"en-US","potentialAction":[{"@type":"ReadAction","target":["https:\/\/fournell.de\/en\/product\/prolights-eclprofile-ct-ip-outdoor-led-profilscheinwerfer-ohne-optik-288w-schwarz\/"]}]},{"@type":"ImageObject","inLanguage":"en-US","@id":"https:\/\/fournell.de\/en\/product\/prolights-eclprofile-ct-ip-outdoor-led-profilscheinwerfer-ohne-optik-288w-schwarz\/#primaryimage","url":"https:\/\/fournell.de\/wp-content\/uploads\/2022\/07\/ProlightsECLProfileoutdoor-103.jpg","contentUrl":"https:\/\/fournell.de\/wp-content\/uploads\/2022\/07\/ProlightsECLProfileoutdoor-103.jpg","width":1024,"height":768},{"@type":"BreadcrumbList","@id":"https:\/\/fournell.de\/en\/product\/prolights-eclprofile-ct-ip-outdoor-led-profilscheinwerfer-ohne-optik-288w-schwarz\/#breadcrumb","itemListElement":[{"@type":"ListItem","position":1,"name":"Home","item":"https:\/\/fournell.de\/en\/"},{"@type":"ListItem","position":2,"name":"Shop","item":"https:\/\/fournell.de\/en\/shop\/"},{"@type":"ListItem","position":3,"name":"PROLIGHTS EclProfile CT+\/IP Outdoor LED-Profilscheinwerfer (ohne Optik) 288W; schwarz;"}]},{"@type":"WebSite","@id":"https:\/\/fournell.de\/en\/#website","url":"https:\/\/fournell.de\/en\/","name":"fournell showtechnik","description":"","publisher":{"@id":"https:\/\/fournell.de\/en\/#organization"},"potentialAction":[{"@type":"SearchAction","target":{"@type":"EntryPoint","urlTemplate":"https:\/\/fournell.de\/en\/?s={search_term_string}"},"query-input":{"@type":"PropertyValueSpecification","valueRequired":true,"valueName":"search_term_string"}}],"inLanguage":"en-US"},{"@type":"Organization","@id":"https:\/\/fournell.de\/en\/#organization","name":"fournell Showtechnik","url":"https:\/\/fournell.de\/en\/","logo":{"@type":"ImageObject","inLanguage":"en-US","@id":"https:\/\/fournell.de\/en\/#\/schema\/logo\/image\/","url":"https:\/\/fournell.de\/wp-content\/uploads\/2021\/03\/bulb.png","contentUrl":"https:\/\/fournell.de\/wp-content\/uploads\/2021\/03\/bulb.png","width":112,"height":103,"caption":"fournell Showtechnik"},"image":{"@id":"https:\/\/fournell.de\/en\/#\/schema\/logo\/image\/"},"sameAs":["https:\/\/de-de.facebook.com\/fournellshowtechnik\/","https:\/\/www.instagram.com\/fournellshowtechnik\/?hl=de","https:\/\/www.linkedin.com\/company\/fournell\/?originalSubdomain=de"]}]}},"_links":{"self":[{"href":"https:\/\/fournell.de\/en\/wp-json\/wp\/v2\/product\/319708"}],"collection":[{"href":"https:\/\/fournell.de\/en\/wp-json\/wp\/v2\/product"}],"about":[{"href":"https:\/\/fournell.de\/en\/wp-json\/wp\/v2\/types\/product"}],"wp:featuredmedia":[{"embeddable":true,"href":"https:\/\/fournell.de\/en\/wp-json\/wp\/v2\/media\/1400842"}],"wp:attachment":[{"href":"https:\/\/fournell.de\/en\/wp-json\/wp\/v2\/media?parent=319708"}],"wp:term":[{"taxonomy":"product_brand","embeddable":true,"href":"https:\/\/fournell.de\/en\/wp-json\/wp\/v2\/product_brand?post=319708"},{"taxonomy":"product_cat","embeddable":true,"href":"https:\/\/fournell.de\/en\/wp-json\/wp\/v2\/product_cat?post=319708"},{"taxonomy":"product_tag","embeddable":true,"href":"https:\/\/fournell.de\/en\/wp-json\/wp\/v2\/product_tag?post=319708"}],"curies":[{"name":"wp","href":"https:\/\/api.w.org\/{rel}","templated":true}]}}