{"id":978994,"date":"2023-10-05T16:28:55","date_gmt":"2023-10-05T15:28:55","guid":{"rendered":"https:\/\/fournell.de\/product\/stagesmarts-c24b-21-intelligenter-drehstrom-verteiler-1x-cee-63a-4x-han-16e\/"},"modified":"2024-12-02T11:19:19","modified_gmt":"2024-12-02T10:19:19","slug":"stagesmarts-c24b-21-intelligenter-drehstrom-verteiler-1x-cee-63a-4x-han-16e","status":"publish","type":"product","link":"https:\/\/fournell.de\/en\/product\/stagesmarts-c24b-21-intelligenter-drehstrom-verteiler-1x-cee-63a-4x-han-16e\/","title":{"rendered":"STAGESMARTS C24B-21 Intelligenter Drehstrom-Verteiler 1x CEE-63A > 4x HAN-16E;"},"content":{"rendered":"<p>24-Kanal (16A RCBO A-type 30mA); Input CEE 63A\/400V; Output 4x HAN-16E mit jeweils 6 Kan\u00e4len; Kanal 21-23 zus\u00e4tzlich auf PowerCon-True1; Kanal 24 zus\u00e4tzlich auf Schuko; zus\u00e4tzlicher Ausgang CEE 32A\/400V mit RCD einstellbar; Hauptschalter 63A; Not-Aus; integr. digitales Multimeter; LED-Indikatoren pro Kanal; &#8220;lost neutral&#8221;-Sensor; Webserver zur Strom\u00fcberwachung<\/p>\n","protected":false},"excerpt":{"rendered":"<p>24-Kanal (16A RCBO A-type 30mA); Input CEE 63A\/400V; Output 4x HAN-16E mit jeweils 6 Kan\u00e4len; Kanal 21-23 zus\u00e4tzlich auf PowerCon-True1; Kanal 24 zus\u00e4tzlich auf Schuko; zus\u00e4tzlicher Ausgang CEE 32A\/400V mit RCD einstellbar; Hauptschalter 63A; Not-Aus; integr. digitales Multimeter; LED-Indikatoren pro Kanal; &#8220;lost neutral&#8221;-Sensor; Webserver zur Strom\u00fcberwachung<\/p>\n","protected":false},"featured_media":1401072,"template":"","meta":{"_acf_changed":false},"product_brand":[],"product_cat":[554],"product_tag":[997,964,998,963],"class_list":{"0":"post-978994","1":"product","2":"type-product","3":"status-publish","4":"has-post-thumbnail","6":"product_cat-leitungen-3-phasig-kabel-leitungen-2-2","7":"product_tag-baustrom","8":"product_tag-cee","9":"product_tag-rcd","10":"product_tag-stromverteiler","12":"first","13":"instock","14":"shipping-taxable","15":"purchasable","16":"product-type-simple"},"acf":[],"yoast_head":"<!-- This site is optimized with the Yoast SEO plugin v25.2 - https:\/\/yoast.com\/wordpress\/plugins\/seo\/ -->\n<title>STAGESMARTS C24B-21 Intelligenter Drehstrom-Verteiler 1x CEE-63A &gt; 4x HAN-16E; - fournell showtechnik<\/title>\n<meta name=\"robots\" content=\"index, follow, max-snippet:-1, max-image-preview:large, max-video-preview:-1\" \/>\n<link rel=\"canonical\" href=\"https:\/\/fournell.de\/en\/product\/stagesmarts-c24b-21-intelligenter-drehstrom-verteiler-1x-cee-63a-4x-han-16e\/\" \/>\n<meta property=\"og:locale\" content=\"en_US\" \/>\n<meta property=\"og:type\" content=\"article\" \/>\n<meta property=\"og:title\" content=\"STAGESMARTS C24B-21 Intelligenter Drehstrom-Verteiler 1x CEE-63A &gt; 4x HAN-16E; - fournell showtechnik\" \/>\n<meta property=\"og:description\" content=\"24-Kanal (16A RCBO A-type 30mA); Input CEE 63A\/400V; Output 4x HAN-16E mit jeweils 6 Kan\u00e4len; Kanal 21-23 zus\u00e4tzlich auf PowerCon-True1; Kanal 24 zus\u00e4tzlich auf Schuko; zus\u00e4tzlicher Ausgang CEE 32A\/400V mit RCD einstellbar; Hauptschalter 63A; Not-Aus; integr. digitales Multimeter; LED-Indikatoren pro Kanal; &#8220;lost neutral&#8221;-Sensor; Webserver zur Strom\u00fcberwachung\" \/>\n<meta property=\"og:url\" content=\"https:\/\/fournell.de\/en\/product\/stagesmarts-c24b-21-intelligenter-drehstrom-verteiler-1x-cee-63a-4x-han-16e\/\" \/>\n<meta property=\"og:site_name\" content=\"fournell showtechnik\" \/>\n<meta property=\"article:publisher\" content=\"https:\/\/de-de.facebook.com\/fournellshowtechnik\/\" \/>\n<meta property=\"article:modified_time\" content=\"2024-12-02T10:19:19+00:00\" \/>\n<meta property=\"og:image\" content=\"https:\/\/fournell.de\/wp-content\/uploads\/2023\/10\/SmartC24-101.jpg\" \/>\n\t<meta property=\"og:image:width\" content=\"1024\" \/>\n\t<meta property=\"og:image:height\" content=\"768\" \/>\n\t<meta property=\"og:image:type\" content=\"image\/jpeg\" \/>\n<meta name=\"twitter:card\" content=\"summary_large_image\" \/>\n<script type=\"application\/ld+json\" class=\"yoast-schema-graph\">{\"@context\":\"https:\/\/schema.org\",\"@graph\":[{\"@type\":\"WebPage\",\"@id\":\"https:\/\/fournell.de\/en\/product\/stagesmarts-c24b-21-intelligenter-drehstrom-verteiler-1x-cee-63a-4x-han-16e\/\",\"url\":\"https:\/\/fournell.de\/en\/product\/stagesmarts-c24b-21-intelligenter-drehstrom-verteiler-1x-cee-63a-4x-han-16e\/\",\"name\":\"STAGESMARTS C24B-21 Intelligenter Drehstrom-Verteiler 1x CEE-63A > 4x HAN-16E; - fournell showtechnik\",\"isPartOf\":{\"@id\":\"https:\/\/fournell.de\/en\/#website\"},\"primaryImageOfPage\":{\"@id\":\"https:\/\/fournell.de\/en\/product\/stagesmarts-c24b-21-intelligenter-drehstrom-verteiler-1x-cee-63a-4x-han-16e\/#primaryimage\"},\"image\":{\"@id\":\"https:\/\/fournell.de\/en\/product\/stagesmarts-c24b-21-intelligenter-drehstrom-verteiler-1x-cee-63a-4x-han-16e\/#primaryimage\"},\"thumbnailUrl\":\"https:\/\/fournell.de\/wp-content\/uploads\/2023\/10\/SmartC24-101.jpg\",\"datePublished\":\"2023-10-05T15:28:55+00:00\",\"dateModified\":\"2024-12-02T10:19:19+00:00\",\"breadcrumb\":{\"@id\":\"https:\/\/fournell.de\/en\/product\/stagesmarts-c24b-21-intelligenter-drehstrom-verteiler-1x-cee-63a-4x-han-16e\/#breadcrumb\"},\"inLanguage\":\"en-US\",\"potentialAction\":[{\"@type\":\"ReadAction\",\"target\":[\"https:\/\/fournell.de\/en\/product\/stagesmarts-c24b-21-intelligenter-drehstrom-verteiler-1x-cee-63a-4x-han-16e\/\"]}]},{\"@type\":\"ImageObject\",\"inLanguage\":\"en-US\",\"@id\":\"https:\/\/fournell.de\/en\/product\/stagesmarts-c24b-21-intelligenter-drehstrom-verteiler-1x-cee-63a-4x-han-16e\/#primaryimage\",\"url\":\"https:\/\/fournell.de\/wp-content\/uploads\/2023\/10\/SmartC24-101.jpg\",\"contentUrl\":\"https:\/\/fournell.de\/wp-content\/uploads\/2023\/10\/SmartC24-101.jpg\",\"width\":1024,\"height\":768},{\"@type\":\"BreadcrumbList\",\"@id\":\"https:\/\/fournell.de\/en\/product\/stagesmarts-c24b-21-intelligenter-drehstrom-verteiler-1x-cee-63a-4x-han-16e\/#breadcrumb\",\"itemListElement\":[{\"@type\":\"ListItem\",\"position\":1,\"name\":\"Home\",\"item\":\"https:\/\/fournell.de\/en\/\"},{\"@type\":\"ListItem\",\"position\":2,\"name\":\"Shop\",\"item\":\"https:\/\/fournell.de\/en\/shop\/\"},{\"@type\":\"ListItem\",\"position\":3,\"name\":\"STAGESMARTS C24B-21 Intelligenter Drehstrom-Verteiler 1x CEE-63A > 4x HAN-16E;\"}]},{\"@type\":\"WebSite\",\"@id\":\"https:\/\/fournell.de\/en\/#website\",\"url\":\"https:\/\/fournell.de\/en\/\",\"name\":\"fournell showtechnik\",\"description\":\"\",\"publisher\":{\"@id\":\"https:\/\/fournell.de\/en\/#organization\"},\"potentialAction\":[{\"@type\":\"SearchAction\",\"target\":{\"@type\":\"EntryPoint\",\"urlTemplate\":\"https:\/\/fournell.de\/en\/?s={search_term_string}\"},\"query-input\":{\"@type\":\"PropertyValueSpecification\",\"valueRequired\":true,\"valueName\":\"search_term_string\"}}],\"inLanguage\":\"en-US\"},{\"@type\":\"Organization\",\"@id\":\"https:\/\/fournell.de\/en\/#organization\",\"name\":\"fournell Showtechnik\",\"url\":\"https:\/\/fournell.de\/en\/\",\"logo\":{\"@type\":\"ImageObject\",\"inLanguage\":\"en-US\",\"@id\":\"https:\/\/fournell.de\/en\/#\/schema\/logo\/image\/\",\"url\":\"https:\/\/fournell.de\/wp-content\/uploads\/2021\/03\/bulb.png\",\"contentUrl\":\"https:\/\/fournell.de\/wp-content\/uploads\/2021\/03\/bulb.png\",\"width\":112,\"height\":103,\"caption\":\"fournell Showtechnik\"},\"image\":{\"@id\":\"https:\/\/fournell.de\/en\/#\/schema\/logo\/image\/\"},\"sameAs\":[\"https:\/\/de-de.facebook.com\/fournellshowtechnik\/\",\"https:\/\/www.instagram.com\/fournellshowtechnik\/?hl=de\",\"https:\/\/www.linkedin.com\/company\/fournell\/?originalSubdomain=de\"]}]}<\/script>\n<!-- \/ Yoast SEO plugin. -->","yoast_head_json":{"title":"STAGESMARTS C24B-21 Intelligenter Drehstrom-Verteiler 1x CEE-63A > 4x HAN-16E; - fournell showtechnik","robots":{"index":"index","follow":"follow","max-snippet":"max-snippet:-1","max-image-preview":"max-image-preview:large","max-video-preview":"max-video-preview:-1"},"canonical":"https:\/\/fournell.de\/en\/product\/stagesmarts-c24b-21-intelligenter-drehstrom-verteiler-1x-cee-63a-4x-han-16e\/","og_locale":"en_US","og_type":"article","og_title":"STAGESMARTS C24B-21 Intelligenter Drehstrom-Verteiler 1x CEE-63A > 4x HAN-16E; - fournell showtechnik","og_description":"24-Kanal (16A RCBO A-type 30mA); Input CEE 63A\/400V; Output 4x HAN-16E mit jeweils 6 Kan\u00e4len; Kanal 21-23 zus\u00e4tzlich auf PowerCon-True1; Kanal 24 zus\u00e4tzlich auf Schuko; zus\u00e4tzlicher Ausgang CEE 32A\/400V mit RCD einstellbar; Hauptschalter 63A; Not-Aus; integr. digitales Multimeter; LED-Indikatoren pro Kanal; &#8220;lost neutral&#8221;-Sensor; Webserver zur Strom\u00fcberwachung","og_url":"https:\/\/fournell.de\/en\/product\/stagesmarts-c24b-21-intelligenter-drehstrom-verteiler-1x-cee-63a-4x-han-16e\/","og_site_name":"fournell showtechnik","article_publisher":"https:\/\/de-de.facebook.com\/fournellshowtechnik\/","article_modified_time":"2024-12-02T10:19:19+00:00","og_image":[{"width":1024,"height":768,"url":"https:\/\/fournell.de\/wp-content\/uploads\/2023\/10\/SmartC24-101.jpg","type":"image\/jpeg"}],"twitter_card":"summary_large_image","schema":{"@context":"https:\/\/schema.org","@graph":[{"@type":"WebPage","@id":"https:\/\/fournell.de\/en\/product\/stagesmarts-c24b-21-intelligenter-drehstrom-verteiler-1x-cee-63a-4x-han-16e\/","url":"https:\/\/fournell.de\/en\/product\/stagesmarts-c24b-21-intelligenter-drehstrom-verteiler-1x-cee-63a-4x-han-16e\/","name":"STAGESMARTS C24B-21 Intelligenter Drehstrom-Verteiler 1x CEE-63A > 4x HAN-16E; - fournell showtechnik","isPartOf":{"@id":"https:\/\/fournell.de\/en\/#website"},"primaryImageOfPage":{"@id":"https:\/\/fournell.de\/en\/product\/stagesmarts-c24b-21-intelligenter-drehstrom-verteiler-1x-cee-63a-4x-han-16e\/#primaryimage"},"image":{"@id":"https:\/\/fournell.de\/en\/product\/stagesmarts-c24b-21-intelligenter-drehstrom-verteiler-1x-cee-63a-4x-han-16e\/#primaryimage"},"thumbnailUrl":"https:\/\/fournell.de\/wp-content\/uploads\/2023\/10\/SmartC24-101.jpg","datePublished":"2023-10-05T15:28:55+00:00","dateModified":"2024-12-02T10:19:19+00:00","breadcrumb":{"@id":"https:\/\/fournell.de\/en\/product\/stagesmarts-c24b-21-intelligenter-drehstrom-verteiler-1x-cee-63a-4x-han-16e\/#breadcrumb"},"inLanguage":"en-US","potentialAction":[{"@type":"ReadAction","target":["https:\/\/fournell.de\/en\/product\/stagesmarts-c24b-21-intelligenter-drehstrom-verteiler-1x-cee-63a-4x-han-16e\/"]}]},{"@type":"ImageObject","inLanguage":"en-US","@id":"https:\/\/fournell.de\/en\/product\/stagesmarts-c24b-21-intelligenter-drehstrom-verteiler-1x-cee-63a-4x-han-16e\/#primaryimage","url":"https:\/\/fournell.de\/wp-content\/uploads\/2023\/10\/SmartC24-101.jpg","contentUrl":"https:\/\/fournell.de\/wp-content\/uploads\/2023\/10\/SmartC24-101.jpg","width":1024,"height":768},{"@type":"BreadcrumbList","@id":"https:\/\/fournell.de\/en\/product\/stagesmarts-c24b-21-intelligenter-drehstrom-verteiler-1x-cee-63a-4x-han-16e\/#breadcrumb","itemListElement":[{"@type":"ListItem","position":1,"name":"Home","item":"https:\/\/fournell.de\/en\/"},{"@type":"ListItem","position":2,"name":"Shop","item":"https:\/\/fournell.de\/en\/shop\/"},{"@type":"ListItem","position":3,"name":"STAGESMARTS C24B-21 Intelligenter Drehstrom-Verteiler 1x CEE-63A > 4x HAN-16E;"}]},{"@type":"WebSite","@id":"https:\/\/fournell.de\/en\/#website","url":"https:\/\/fournell.de\/en\/","name":"fournell showtechnik","description":"","publisher":{"@id":"https:\/\/fournell.de\/en\/#organization"},"potentialAction":[{"@type":"SearchAction","target":{"@type":"EntryPoint","urlTemplate":"https:\/\/fournell.de\/en\/?s={search_term_string}"},"query-input":{"@type":"PropertyValueSpecification","valueRequired":true,"valueName":"search_term_string"}}],"inLanguage":"en-US"},{"@type":"Organization","@id":"https:\/\/fournell.de\/en\/#organization","name":"fournell Showtechnik","url":"https:\/\/fournell.de\/en\/","logo":{"@type":"ImageObject","inLanguage":"en-US","@id":"https:\/\/fournell.de\/en\/#\/schema\/logo\/image\/","url":"https:\/\/fournell.de\/wp-content\/uploads\/2021\/03\/bulb.png","contentUrl":"https:\/\/fournell.de\/wp-content\/uploads\/2021\/03\/bulb.png","width":112,"height":103,"caption":"fournell Showtechnik"},"image":{"@id":"https:\/\/fournell.de\/en\/#\/schema\/logo\/image\/"},"sameAs":["https:\/\/de-de.facebook.com\/fournellshowtechnik\/","https:\/\/www.instagram.com\/fournellshowtechnik\/?hl=de","https:\/\/www.linkedin.com\/company\/fournell\/?originalSubdomain=de"]}]}},"_links":{"self":[{"href":"https:\/\/fournell.de\/en\/wp-json\/wp\/v2\/product\/978994"}],"collection":[{"href":"https:\/\/fournell.de\/en\/wp-json\/wp\/v2\/product"}],"about":[{"href":"https:\/\/fournell.de\/en\/wp-json\/wp\/v2\/types\/product"}],"wp:featuredmedia":[{"embeddable":true,"href":"https:\/\/fournell.de\/en\/wp-json\/wp\/v2\/media\/1401072"}],"wp:attachment":[{"href":"https:\/\/fournell.de\/en\/wp-json\/wp\/v2\/media?parent=978994"}],"wp:term":[{"taxonomy":"product_brand","embeddable":true,"href":"https:\/\/fournell.de\/en\/wp-json\/wp\/v2\/product_brand?post=978994"},{"taxonomy":"product_cat","embeddable":true,"href":"https:\/\/fournell.de\/en\/wp-json\/wp\/v2\/product_cat?post=978994"},{"taxonomy":"product_tag","embeddable":true,"href":"https:\/\/fournell.de\/en\/wp-json\/wp\/v2\/product_tag?post=978994"}],"curies":[{"name":"wp","href":"https:\/\/api.w.org\/{rel}","templated":true}]}}